{"id":799,"date":"2025-04-01T20:08:26","date_gmt":"2025-04-01T20:08:26","guid":{"rendered":"https:\/\/www.insenso.de\/energie-und-versorgungsunternehmen\/"},"modified":"2025-11-12T21:23:22","modified_gmt":"2025-11-12T21:23:22","slug":"energie-und-versorgungsunternehmen","status":"publish","type":"page","link":"https:\/\/www.insenso.de\/de\/energie-und-versorgungsunternehmen\/","title":{"rendered":"Energie und Versorgungsunternehmen"},"content":{"rendered":"<p>[et_pb_section fb_built=&#8220;1&#8243; custom_padding_last_edited=&#8220;on|phone&#8220; _builder_version=&#8220;4.27.4&#8243; _module_preset=&#8220;default&#8220; background_image=&#8220;https:\/\/www.insenso.de\/wp-content\/uploads\/2025\/07\/AdobeStock_1257959573-scaled.jpeg&#8220; background_position=&#8220;bottom_center&#8220; width_tablet=&#8220;100%&#8220; width_phone=&#8220;100%&#8220; width_last_edited=&#8220;on|phone&#8220; height=&#8220;450px&#8220; custom_margin=&#8220;15px|100px||100px|false|true&#8220; custom_margin_tablet=&#8220;|0px||0px|false|true&#8220; custom_margin_phone=&#8220;15px|0px||0px|false|true&#8220; custom_margin_last_edited=&#8220;on|tablet&#8220; custom_padding=&#8220;220px||0px||false|false&#8220; custom_padding_tablet=&#8220;192px||0px||false|false&#8220; custom_padding_phone=&#8220;218px||0px||false|false&#8220; border_width_top=&#8220;9px&#8220; border_color_top=&#8220;#DB1D28&#8243; global_colors_info=&#8220;{}&#8220;][et_pb_row _builder_version=&#8220;4.27.4&#8243; _module_preset=&#8220;default&#8220; background_color=&#8220;rgba(20,41,82,0.93)&#8220; global_colors_info=&#8220;{}&#8220;][et_pb_column type=&#8220;4_4&#8243; _builder_version=&#8220;4.27.4&#8243; _module_preset=&#8220;default&#8220; global_colors_info=&#8220;{}&#8220;][et_pb_text _builder_version=&#8220;4.27.4&#8243; _module_preset=&#8220;default&#8220; header_3_font=&#8220;|700|||||||&#8220; header_3_text_align=&#8220;center&#8220; header_3_text_color=&#8220;#FFFFFF&#8220; header_3_font_size=&#8220;35px&#8220; custom_margin=&#8220;0px||||false|false&#8220; header_3_font_size_tablet=&#8220;30px&#8220; header_3_font_size_phone=&#8220;23px&#8220; header_3_font_size_last_edited=&#8220;on|tablet&#8220; global_colors_info=&#8220;{}&#8220;]<\/p>\n<h3>Energie und Versorgungsunternehmen<\/h3>\n<p>[\/et_pb_text][\/et_pb_column][\/et_pb_row][\/et_pb_section][et_pb_section fb_built=&#8220;1&#8243; _builder_version=&#8220;4.27.4&#8243; _module_preset=&#8220;default&#8220; custom_padding=&#8220;||13px|||&#8220; global_colors_info=&#8220;{}&#8220;][et_pb_row use_custom_gutter=&#8220;on&#8220; gutter_width=&#8220;1&#8243; _builder_version=&#8220;4.27.4&#8243; _module_preset=&#8220;default&#8220; background_color=&#8220;#FFFFFF&#8220; z_index=&#8220;57&#8243; width_tablet=&#8220;100%&#8220; width_phone=&#8220;100%&#8220; width_last_edited=&#8220;on|tablet&#8220; custom_margin=&#8220;-164px|auto|6px|auto|false|false&#8220; custom_padding=&#8220;45px|32px|45px|32px|true|true&#8220; border_width_top=&#8220;10px&#8220; border_color_top=&#8220;#DB1D28&#8243; global_colors_info=&#8220;{}&#8220;][et_pb_column type=&#8220;4_4&#8243; _builder_version=&#8220;4.27.4&#8243; _module_preset=&#8220;default&#8220; custom_padding=&#8220;|20px|||false|false&#8220; border_color_right=&#8220;#DB1D28&#8243; global_colors_info=&#8220;{}&#8220;][et_pb_text _builder_version=&#8220;4.27.4&#8243; _module_preset=&#8220;default&#8220; text_font=&#8220;||||||||&#8220; text_text_color=&#8220;#142952&#8243; text_font_size=&#8220;16px&#8220; text_letter_spacing=&#8220;1px&#8220; text_line_height=&#8220;1.6em&#8220; header_font=&#8220;|700|||||||&#8220; header_text_color=&#8220;#142952&#8243; header_3_font=&#8220;|700|||||||&#8220; header_3_text_color=&#8220;#142952&#8243; header_4_text_color=&#8220;#DB1D28&#8243; text_orientation=&#8220;justified&#8220; custom_padding=&#8220;0px|25px||25px|false|true&#8220; text_orientation_tablet=&#8220;center&#8220; text_orientation_phone=&#8220;center&#8220; text_orientation_last_edited=&#8220;on|tablet&#8220; global_colors_info=&#8220;{}&#8220;]Anwendungen: Druck\u00fcberwachung in Pipelines, \u00dcberwachung von Pumpstationen, Kontrollsysteme f\u00fcr Windkraftanlagen, F\u00fcllstandskontrolle in Tanks.<\/p>\n<p>Vorteile: Hohe Genauigkeit, Best\u00e4ndigkeit gegen aggressive Umgebungen, Langzeitstabilit\u00e4t.[\/et_pb_text][\/et_pb_column][\/et_pb_row][et_pb_row _builder_version=&#8220;4.27.4&#8243; _module_preset=&#8220;default&#8220; custom_padding=&#8220;6px||13px||false|false&#8220; border_width_bottom=&#8220;4px&#8220; border_color_bottom=&#8220;#DB1D28&#8243; global_colors_info=&#8220;{}&#8220;][et_pb_column type=&#8220;4_4&#8243; _builder_version=&#8220;4.27.4&#8243; _module_preset=&#8220;default&#8220; global_colors_info=&#8220;{}&#8220;][et_pb_text _builder_version=&#8220;4.27.4&#8243; _module_preset=&#8220;default&#8220; text_text_color=&#8220;#142952&#8243; text_font_size=&#8220;15px&#8220; text_letter_spacing=&#8220;1px&#8220; header_font=&#8220;|700|||||||&#8220; header_text_color=&#8220;#142952&#8243; header_3_font=&#8220;|700|||||||&#8220; header_3_text_color=&#8220;#142952&#8243; header_4_text_color=&#8220;#DB1D28&#8243; text_orientation=&#8220;justified&#8220; custom_margin=&#8220;||-10px|||&#8220; custom_padding=&#8220;|25px||25px|false|true&#8220; global_colors_info=&#8220;{}&#8220;]<\/p>\n<h3>Liste der Produkte f\u00fcr diese Anwendung:<\/h3>\n<p>[\/et_pb_text][\/et_pb_column][\/et_pb_row][et_pb_row _builder_version=&#8220;4.27.4&#8243; _module_preset=&#8220;default&#8220; background_color=&#8220;rgba(20,41,82,0.18)&#8220; custom_margin=&#8220;||5px||false|false&#8220; global_colors_info=&#8220;{}&#8220;][et_pb_column type=&#8220;4_4&#8243; _builder_version=&#8220;4.27.4&#8243; _module_preset=&#8220;default&#8220; global_colors_info=&#8220;{}&#8220;][et_pb_text _builder_version=&#8220;4.27.4&#8243; _module_preset=&#8220;default&#8220; text_font=&#8220;|||on|||||&#8220; text_text_color=&#8220;#142952&#8243; text_font_size=&#8220;15px&#8220; text_letter_spacing=&#8220;1px&#8220; header_font=&#8220;|700|||||||&#8220; header_text_color=&#8220;#142952&#8243; header_3_font=&#8220;||||||||&#8220; header_3_text_color=&#8220;#142952&#8243; header_3_font_size=&#8220;16px&#8220; header_4_text_color=&#8220;#DB1D28&#8243; custom_margin=&#8220;||-10px|||&#8220; custom_padding=&#8220;|25px||25px|false|true&#8220; link_option_url=&#8220;https:\/\/www.insenso.de\/de\/mems-druckstempel\/#ipd_25&#8243; global_colors_info=&#8220;{}&#8220;]<\/p>\n<p><strong>IPD 25:<\/strong><br \/>Ideal f\u00fcr die Langzeit\u00fcberwachung in Pipelines und Turbinen.<\/p>\n<p>[\/et_pb_text][\/et_pb_column][\/et_pb_row][et_pb_row _builder_version=&#8220;4.27.4&#8243; _module_preset=&#8220;default&#8220; background_color=&#8220;rgba(20,41,82,0.18)&#8220; custom_margin=&#8220;||5px||false|false&#8220; global_colors_info=&#8220;{}&#8220;][et_pb_column type=&#8220;4_4&#8243; _builder_version=&#8220;4.27.4&#8243; _module_preset=&#8220;default&#8220; global_colors_info=&#8220;{}&#8220;][et_pb_text _builder_version=&#8220;4.27.4&#8243; _module_preset=&#8220;default&#8220; text_font=&#8220;|||on|||||&#8220; text_text_color=&#8220;#142952&#8243; text_font_size=&#8220;15px&#8220; text_letter_spacing=&#8220;1px&#8220; header_font=&#8220;|700|||||||&#8220; header_text_color=&#8220;#142952&#8243; header_3_font=&#8220;||||||||&#8220; header_3_text_color=&#8220;#142952&#8243; header_3_font_size=&#8220;16px&#8220; header_4_text_color=&#8220;#DB1D28&#8243; custom_margin=&#8220;||-10px|||&#8220; custom_padding=&#8220;|25px||25px|false|true&#8220; link_option_url=&#8220;https:\/\/www.insenso.de\/pressure-module\/&#8220; global_colors_info=&#8220;{}&#8220;]<\/p>\n<p><strong>Druckkalibrierte Module (IPC-Serie):<\/strong><br \/>Temperaturkompensiert, anpassbar f\u00fcr spezifische Energieanwendungen.<\/p>\n<p>[\/et_pb_text][\/et_pb_column][\/et_pb_row][\/et_pb_section][et_pb_section fb_built=&#8220;1&#8243; _builder_version=&#8220;4.27.4&#8243; _module_preset=&#8220;default&#8220; background_color=&#8220;#FFFFFF&#8220; background_enable_image=&#8220;off&#8220; background_size=&#8220;initial&#8220; background_position=&#8220;center_right&#8220; module_alignment=&#8220;center&#8220; max_height=&#8220;335px&#8220; custom_margin=&#8220;19px||||false|true&#8220; custom_padding=&#8220;14px||14px||true|false&#8220; global_colors_info=&#8220;{}&#8220;][et_pb_row _builder_version=&#8220;4.27.4&#8243; _module_preset=&#8220;default&#8220; custom_margin=&#8220;|auto||auto|false|false&#8220; custom_padding=&#8220;17px||17px||true|false&#8220; global_colors_info=&#8220;{}&#8220;][et_pb_column type=&#8220;4_4&#8243; _builder_version=&#8220;4.27.4&#8243; _module_preset=&#8220;default&#8220; global_colors_info=&#8220;{}&#8220;][et_pb_image src=&#8220;https:\/\/www.insenso.de\/wp-content\/uploads\/2025\/04\/Insenso_Logo_Bildmarke2-01.png&#8220; title_text=&#8220;Insenso_Logo_Bildmarke2-01&#8243; align=&#8220;center&#8220; _builder_version=&#8220;4.27.4&#8243; _module_preset=&#8220;default&#8220; width=&#8220;8%&#8220; width_tablet=&#8220;18%&#8220; width_phone=&#8220;25%&#8220; width_last_edited=&#8220;on|phone&#8220; global_colors_info=&#8220;{}&#8220;][\/et_pb_image][et_pb_text _builder_version=&#8220;4.27.4&#8243; _module_preset=&#8220;default&#8220; header_2_font=&#8220;|700|||||||&#8220; header_2_text_align=&#8220;center&#8220; header_2_text_color=&#8220;#142952&#8243; module_alignment=&#8220;left&#8220; global_colors_info=&#8220;{}&#8220;]<\/p>\n<h2>Insenso: <span style=\"color: #db1d28;\">Gewissheit schaffen<\/span><\/h2>\n<p>[\/et_pb_text][\/et_pb_column][\/et_pb_row][\/et_pb_section][et_pb_section fb_built=&#8220;1&#8243; _builder_version=&#8220;4.27.4&#8243; _module_preset=&#8220;default&#8220; background_color=&#8220;#142952&#8243; custom_padding=&#8220;13px||34px|||&#8220; saved_tabs=&#8220;all&#8220; global_colors_info=&#8220;{}&#8220; global_module=&#8220;1099&#8243; theme_builder_area=&#8220;post_content&#8220;][et_pb_row _builder_version=&#8220;4.27.4&#8243; _module_preset=&#8220;default&#8220; custom_padding=&#8220;16px||6px|||&#8220; global_colors_info=&#8220;{}&#8220; theme_builder_area=&#8220;post_content&#8220;][et_pb_column type=&#8220;4_4&#8243; _builder_version=&#8220;4.27.4&#8243; _module_preset=&#8220;default&#8220; global_colors_info=&#8220;{}&#8220; theme_builder_area=&#8220;post_content&#8220;][et_pb_text _builder_version=&#8220;4.27.4&#8243; _module_preset=&#8220;default&#8220; text_text_color=&#8220;#FFFFFF&#8220; text_font_size=&#8220;12px&#8220; header_3_text_color=&#8220;#DB1D28&#8243; width=&#8220;100%&#8220; custom_padding=&#8220;||||false|false&#8220; global_colors_info=&#8220;{}&#8220; theme_builder_area=&#8220;post_content&#8220;]<\/p>\n<h3>Kontakt<\/h3>\n<div class=\"untenrot clearfix\">\n<div class=\"float_right\">\n<p><strong>Insenso GmbH<\/strong><br \/>Rudower Chaussee 29<br \/>12489 Berlin<br \/>Deutschland<\/p>\n<p>tel: +49 (0) 176 16164900<br \/>mail: info@insenso.de<\/p>\n<\/div>\n<\/div>\n<p>[\/et_pb_text][\/et_pb_column][\/et_pb_row][et_pb_row _builder_version=&#8220;4.27.4&#8243; _module_preset=&#8220;default&#8220; custom_padding=&#8220;12px||0px||false|false&#8220; global_colors_info=&#8220;{}&#8220; theme_builder_area=&#8220;post_content&#8220;][et_pb_column type=&#8220;4_4&#8243; _builder_version=&#8220;4.27.4&#8243; _module_preset=&#8220;default&#8220; custom_padding=&#8220;0px||0px||true|false&#8220; global_colors_info=&#8220;{}&#8220; theme_builder_area=&#8220;post_content&#8220;][et_pb_divider color=&#8220;#DB1D28&#8243; divider_weight=&#8220;2px&#8220; _builder_version=&#8220;4.27.4&#8243; _module_preset=&#8220;default&#8220; custom_margin=&#8220;0px||0px||true|false&#8220; custom_padding=&#8220;0px||0px||true|false&#8220; global_colors_info=&#8220;{}&#8220; theme_builder_area=&#8220;post_content&#8220;][\/et_pb_divider][\/et_pb_column][\/et_pb_row][et_pb_row _builder_version=&#8220;4.27.4&#8243; _module_preset=&#8220;default&#8220; custom_padding=&#8220;0px||0px||true|false&#8220; global_colors_info=&#8220;{}&#8220; theme_builder_area=&#8220;post_content&#8220;][et_pb_column type=&#8220;4_4&#8243; _builder_version=&#8220;4.27.4&#8243; _module_preset=&#8220;default&#8220; global_colors_info=&#8220;{}&#8220; theme_builder_area=&#8220;post_content&#8220;][et_pb_text _builder_version=&#8220;4.27.4&#8243; _module_preset=&#8220;default&#8220; text_font=&#8220;|700|||||||&#8220; text_text_color=&#8220;#FFFFFF&#8220; link_font=&#8220;||||||||&#8220; link_text_color=&#8220;#FFFFFF&#8220; global_colors_info=&#8220;{}&#8220; theme_builder_area=&#8220;post_content&#8220;]<a href=\"https:\/\/www.insenso.de\/de\/impressum\/\">Impressum<\/a> &nbsp;<a href=\"https:\/\/www.insenso.de\/de\/datenschutzbestimmungen\/\">Datenschutzerkl\u00e4rung<\/a> &nbsp;<a href=\"https:\/\/www.insenso.de\/de\/bedingungen-und-konditionen\/\">AGB<\/a>[\/et_pb_text][\/et_pb_column][\/et_pb_row][\/et_pb_section]<\/p>\n","protected":false},"excerpt":{"rendered":"<p>Energie und VersorgungsunternehmenAnwendungen: Druck\u00fcberwachung in Pipelines, \u00dcberwachung von Pumpstationen, Kontrollsysteme f\u00fcr Windkraftanlagen, F\u00fcllstandskontrolle in Tanks. Vorteile: Hohe Genauigkeit, Best\u00e4ndigkeit gegen aggressive Umgebungen, Langzeitstabilit\u00e4t.Liste der Produkte f\u00fcr diese Anwendung:IPD 25:Ideal f\u00fcr die Langzeit\u00fcberwachung in Pipelines und Turbinen.Druckkalibrierte Module (IPC-Serie):Temperaturkompensiert, anpassbar f\u00fcr spezifische Energieanwendungen.Insenso: Gewissheit schaffenKontakt Insenso GmbHRudower Chaussee 2912489 BerlinDeutschland tel: +49 (0) 176 16164900mail: info@insenso.de [&hellip;]<\/p>\n","protected":false},"author":1,"featured_media":0,"parent":0,"menu_order":0,"comment_status":"closed","ping_status":"closed","template":"","meta":{"_et_pb_use_builder":"on","_et_pb_old_content":"","_et_gb_content_width":"","footnotes":""},"class_list":["post-799","page","type-page","status-publish","hentry"],"yoast_head":"<!-- This site is optimized with the Yoast SEO plugin v26.3 - https:\/\/yoast.com\/wordpress\/plugins\/seo\/ -->\n<title>Energie und Versorgungsunternehmen - Insenso GmbH<\/title>\n<meta name=\"robots\" content=\"index, follow, max-snippet:-1, max-image-preview:large, max-video-preview:-1\" \/>\n<link rel=\"canonical\" href=\"https:\/\/www.insenso.de\/de\/energie-und-versorgungsunternehmen\/\" \/>\n<meta property=\"og:locale\" content=\"de_DE\" \/>\n<meta property=\"og:type\" content=\"article\" \/>\n<meta property=\"og:title\" content=\"Energie und Versorgungsunternehmen - Insenso GmbH\" \/>\n<meta property=\"og:description\" content=\"Energie und VersorgungsunternehmenAnwendungen: Druck\u00fcberwachung in Pipelines, \u00dcberwachung von Pumpstationen, Kontrollsysteme f\u00fcr Windkraftanlagen, F\u00fcllstandskontrolle in Tanks. Vorteile: Hohe Genauigkeit, Best\u00e4ndigkeit gegen aggressive Umgebungen, Langzeitstabilit\u00e4t.Liste der Produkte f\u00fcr diese Anwendung:IPD 25:Ideal f\u00fcr die Langzeit\u00fcberwachung in Pipelines und Turbinen.Druckkalibrierte Module (IPC-Serie):Temperaturkompensiert, anpassbar f\u00fcr spezifische Energieanwendungen.Insenso: Gewissheit schaffenKontakt Insenso GmbHRudower Chaussee 2912489 BerlinDeutschland tel: +49 (0) 176 16164900mail: info@insenso.de [&hellip;]\" \/>\n<meta property=\"og:url\" content=\"https:\/\/www.insenso.de\/de\/energie-und-versorgungsunternehmen\/\" \/>\n<meta property=\"og:site_name\" content=\"Insenso GmbH\" \/>\n<meta property=\"article:modified_time\" content=\"2025-11-12T21:23:22+00:00\" \/>\n<meta name=\"twitter:card\" content=\"summary_large_image\" \/>\n<meta name=\"twitter:label1\" content=\"Gesch\u00e4tzte Lesezeit\" \/>\n\t<meta name=\"twitter:data1\" content=\"6\u00a0Minuten\" \/>\n<script type=\"application\/ld+json\" class=\"yoast-schema-graph\">{\"@context\":\"https:\/\/schema.org\",\"@graph\":[{\"@type\":\"WebPage\",\"@id\":\"https:\/\/www.insenso.de\/de\/energie-und-versorgungsunternehmen\/\",\"url\":\"https:\/\/www.insenso.de\/de\/energie-und-versorgungsunternehmen\/\",\"name\":\"Energie und Versorgungsunternehmen - Insenso GmbH\",\"isPartOf\":{\"@id\":\"https:\/\/www.insenso.de\/de\/#website\"},\"datePublished\":\"2025-04-01T20:08:26+00:00\",\"dateModified\":\"2025-11-12T21:23:22+00:00\",\"breadcrumb\":{\"@id\":\"https:\/\/www.insenso.de\/de\/energie-und-versorgungsunternehmen\/#breadcrumb\"},\"inLanguage\":\"de\",\"potentialAction\":[{\"@type\":\"ReadAction\",\"target\":[\"https:\/\/www.insenso.de\/de\/energie-und-versorgungsunternehmen\/\"]}]},{\"@type\":\"BreadcrumbList\",\"@id\":\"https:\/\/www.insenso.de\/de\/energie-und-versorgungsunternehmen\/#breadcrumb\",\"itemListElement\":[{\"@type\":\"ListItem\",\"position\":1,\"name\":\"Home\",\"item\":\"https:\/\/www.insenso.de\/de\/\"},{\"@type\":\"ListItem\",\"position\":2,\"name\":\"Energie und Versorgungsunternehmen\"}]},{\"@type\":\"WebSite\",\"@id\":\"https:\/\/www.insenso.de\/de\/#website\",\"url\":\"https:\/\/www.insenso.de\/de\/\",\"name\":\"Insenso GmbH\",\"description\":\"\",\"publisher\":{\"@id\":\"https:\/\/www.insenso.de\/de\/#organization\"},\"potentialAction\":[{\"@type\":\"SearchAction\",\"target\":{\"@type\":\"EntryPoint\",\"urlTemplate\":\"https:\/\/www.insenso.de\/de\/?s={search_term_string}\"},\"query-input\":{\"@type\":\"PropertyValueSpecification\",\"valueRequired\":true,\"valueName\":\"search_term_string\"}}],\"inLanguage\":\"de\"},{\"@type\":\"Organization\",\"@id\":\"https:\/\/www.insenso.de\/de\/#organization\",\"name\":\"Insenso GmbH\",\"url\":\"https:\/\/www.insenso.de\/de\/\",\"logo\":{\"@type\":\"ImageObject\",\"inLanguage\":\"de\",\"@id\":\"https:\/\/www.insenso.de\/de\/#\/schema\/logo\/image\/\",\"url\":\"https:\/\/www.insenso.de\/wp-content\/uploads\/2025\/03\/InsensoGmbH_withoutBackground.png\",\"contentUrl\":\"https:\/\/www.insenso.de\/wp-content\/uploads\/2025\/03\/InsensoGmbH_withoutBackground.png\",\"width\":936,\"height\":234,\"caption\":\"Insenso GmbH\"},\"image\":{\"@id\":\"https:\/\/www.insenso.de\/de\/#\/schema\/logo\/image\/\"}}]}<\/script>\n<!-- \/ Yoast SEO plugin. -->","yoast_head_json":{"title":"Energie und Versorgungsunternehmen - Insenso GmbH","robots":{"index":"index","follow":"follow","max-snippet":"max-snippet:-1","max-image-preview":"max-image-preview:large","max-video-preview":"max-video-preview:-1"},"canonical":"https:\/\/www.insenso.de\/de\/energie-und-versorgungsunternehmen\/","og_locale":"de_DE","og_type":"article","og_title":"Energie und Versorgungsunternehmen - Insenso GmbH","og_description":"Energie und VersorgungsunternehmenAnwendungen: Druck\u00fcberwachung in Pipelines, \u00dcberwachung von Pumpstationen, Kontrollsysteme f\u00fcr Windkraftanlagen, F\u00fcllstandskontrolle in Tanks. Vorteile: Hohe Genauigkeit, Best\u00e4ndigkeit gegen aggressive Umgebungen, Langzeitstabilit\u00e4t.Liste der Produkte f\u00fcr diese Anwendung:IPD 25:Ideal f\u00fcr die Langzeit\u00fcberwachung in Pipelines und Turbinen.Druckkalibrierte Module (IPC-Serie):Temperaturkompensiert, anpassbar f\u00fcr spezifische Energieanwendungen.Insenso: Gewissheit schaffenKontakt Insenso GmbHRudower Chaussee 2912489 BerlinDeutschland tel: +49 (0) 176 16164900mail: info@insenso.de [&hellip;]","og_url":"https:\/\/www.insenso.de\/de\/energie-und-versorgungsunternehmen\/","og_site_name":"Insenso GmbH","article_modified_time":"2025-11-12T21:23:22+00:00","twitter_card":"summary_large_image","twitter_misc":{"Gesch\u00e4tzte Lesezeit":"6\u00a0Minuten"},"schema":{"@context":"https:\/\/schema.org","@graph":[{"@type":"WebPage","@id":"https:\/\/www.insenso.de\/de\/energie-und-versorgungsunternehmen\/","url":"https:\/\/www.insenso.de\/de\/energie-und-versorgungsunternehmen\/","name":"Energie und Versorgungsunternehmen - Insenso GmbH","isPartOf":{"@id":"https:\/\/www.insenso.de\/de\/#website"},"datePublished":"2025-04-01T20:08:26+00:00","dateModified":"2025-11-12T21:23:22+00:00","breadcrumb":{"@id":"https:\/\/www.insenso.de\/de\/energie-und-versorgungsunternehmen\/#breadcrumb"},"inLanguage":"de","potentialAction":[{"@type":"ReadAction","target":["https:\/\/www.insenso.de\/de\/energie-und-versorgungsunternehmen\/"]}]},{"@type":"BreadcrumbList","@id":"https:\/\/www.insenso.de\/de\/energie-und-versorgungsunternehmen\/#breadcrumb","itemListElement":[{"@type":"ListItem","position":1,"name":"Home","item":"https:\/\/www.insenso.de\/de\/"},{"@type":"ListItem","position":2,"name":"Energie und Versorgungsunternehmen"}]},{"@type":"WebSite","@id":"https:\/\/www.insenso.de\/de\/#website","url":"https:\/\/www.insenso.de\/de\/","name":"Insenso GmbH","description":"","publisher":{"@id":"https:\/\/www.insenso.de\/de\/#organization"},"potentialAction":[{"@type":"SearchAction","target":{"@type":"EntryPoint","urlTemplate":"https:\/\/www.insenso.de\/de\/?s={search_term_string}"},"query-input":{"@type":"PropertyValueSpecification","valueRequired":true,"valueName":"search_term_string"}}],"inLanguage":"de"},{"@type":"Organization","@id":"https:\/\/www.insenso.de\/de\/#organization","name":"Insenso GmbH","url":"https:\/\/www.insenso.de\/de\/","logo":{"@type":"ImageObject","inLanguage":"de","@id":"https:\/\/www.insenso.de\/de\/#\/schema\/logo\/image\/","url":"https:\/\/www.insenso.de\/wp-content\/uploads\/2025\/03\/InsensoGmbH_withoutBackground.png","contentUrl":"https:\/\/www.insenso.de\/wp-content\/uploads\/2025\/03\/InsensoGmbH_withoutBackground.png","width":936,"height":234,"caption":"Insenso GmbH"},"image":{"@id":"https:\/\/www.insenso.de\/de\/#\/schema\/logo\/image\/"}}]}},"_links":{"self":[{"href":"https:\/\/www.insenso.de\/de\/wp-json\/wp\/v2\/pages\/799","targetHints":{"allow":["GET"]}}],"collection":[{"href":"https:\/\/www.insenso.de\/de\/wp-json\/wp\/v2\/pages"}],"about":[{"href":"https:\/\/www.insenso.de\/de\/wp-json\/wp\/v2\/types\/page"}],"author":[{"embeddable":true,"href":"https:\/\/www.insenso.de\/de\/wp-json\/wp\/v2\/users\/1"}],"replies":[{"embeddable":true,"href":"https:\/\/www.insenso.de\/de\/wp-json\/wp\/v2\/comments?post=799"}],"version-history":[{"count":1,"href":"https:\/\/www.insenso.de\/de\/wp-json\/wp\/v2\/pages\/799\/revisions"}],"predecessor-version":[{"id":1448,"href":"https:\/\/www.insenso.de\/de\/wp-json\/wp\/v2\/pages\/799\/revisions\/1448"}],"wp:attachment":[{"href":"https:\/\/www.insenso.de\/de\/wp-json\/wp\/v2\/media?parent=799"}],"curies":[{"name":"wp","href":"https:\/\/api.w.org\/{rel}","templated":true}]}}