{"id":774,"date":"2025-04-01T20:17:25","date_gmt":"2025-04-01T20:17:25","guid":{"rendered":"https:\/\/www.insenso.de\/industrielle-anwendungen\/"},"modified":"2025-11-12T21:19:45","modified_gmt":"2025-11-12T21:19:45","slug":"industrielle-anwendungen","status":"publish","type":"page","link":"https:\/\/www.insenso.de\/de\/industrielle-anwendungen\/","title":{"rendered":"Industrielle Anwendungen"},"content":{"rendered":"<p>[et_pb_section fb_built=&#8220;1&#8243; _builder_version=&#8220;4.27.4&#8243; _module_preset=&#8220;default&#8220; background_image=&#8220;https:\/\/www.insenso.de\/wp-content\/uploads\/2025\/07\/AdobeStock_219079221-scaled.jpeg&#8220; width_tablet=&#8220;100%&#8220; width_phone=&#8220;100%&#8220; width_last_edited=&#8220;on|phone&#8220; height=&#8220;450px&#8220; custom_margin=&#8220;15px|100px||100px|false|true&#8220; custom_margin_tablet=&#8220;15px|0px||0px|false|true&#8220; custom_margin_phone=&#8220;15px|0px||0px|false|true&#8220; custom_margin_last_edited=&#8220;on|phone&#8220; custom_padding=&#8220;0px||0px||true|false&#8220; border_width_top=&#8220;9px&#8220; border_color_top=&#8220;#DB1D28&#8243; global_colors_info=&#8220;{}&#8220;][\/et_pb_section][et_pb_section fb_built=&#8220;1&#8243; _builder_version=&#8220;4.27.4&#8243; _module_preset=&#8220;default&#8220; custom_padding=&#8220;||13px|||&#8220; global_colors_info=&#8220;{}&#8220;][et_pb_row use_custom_gutter=&#8220;on&#8220; gutter_width=&#8220;1&#8243; custom_padding_last_edited=&#8220;on|phone&#8220; _builder_version=&#8220;4.27.4&#8243; _module_preset=&#8220;default&#8220; background_color=&#8220;#FFFFFF&#8220; z_index=&#8220;57&#8243; width_tablet=&#8220;&#8220; width_phone=&#8220;100%&#8220; width_last_edited=&#8220;on|phone&#8220; custom_margin=&#8220;-164px|auto|6px|auto|false|false&#8220; custom_padding=&#8220;45px|32px|45px|32px|true|true&#8220; custom_padding_tablet=&#8220;45px|32px|45px|32px|true|true&#8220; custom_padding_phone=&#8220;45px|0px|45px|0px|true|true&#8220; border_width_top=&#8220;10px&#8220; border_color_top=&#8220;#142952&#8243; global_colors_info=&#8220;{}&#8220;][et_pb_column type=&#8220;4_4&#8243; _builder_version=&#8220;4.27.4&#8243; _module_preset=&#8220;default&#8220; custom_padding=&#8220;|20px|||false|false&#8220; border_color_right=&#8220;#DB1D28&#8243; global_colors_info=&#8220;{}&#8220;][et_pb_text _builder_version=&#8220;4.27.4&#8243; _module_preset=&#8220;default&#8220; text_text_color=&#8220;#142952&#8243; text_font_size=&#8220;15px&#8220; text_letter_spacing=&#8220;1px&#8220; header_font=&#8220;|700|||||||&#8220; header_text_color=&#8220;#142952&#8243; header_3_font=&#8220;|700|||||||&#8220; header_3_text_color=&#8220;#142952&#8243; header_3_font_size=&#8220;41px&#8220; header_4_text_color=&#8220;#DB1D28&#8243; text_orientation=&#8220;center&#8220; custom_padding=&#8220;|25px||25px|false|true&#8220; global_colors_info=&#8220;{}&#8220;]<\/p>\n<h3>W\u00e4hlen Sie Ihre Kategorie<\/h3>\n<p>[\/et_pb_text][\/et_pb_column][\/et_pb_row][et_pb_row column_structure=&#8220;1_3,1_3,1_3&#8243; custom_padding_last_edited=&#8220;on|phone&#8220; _builder_version=&#8220;4.27.4&#8243; _module_preset=&#8220;default&#8220; custom_margin=&#8220;-25px|auto||auto||&#8220; custom_padding=&#8220;|20px|38px|20px|false|true&#8220; custom_padding_tablet=&#8220;|20px|38px|20px|false|true&#8220; custom_padding_phone=&#8220;|0px||0px|false|true&#8220; global_colors_info=&#8220;{}&#8220;][et_pb_column type=&#8220;1_3&#8243; _builder_version=&#8220;4.27.4&#8243; _module_preset=&#8220;default&#8220; global_colors_info=&#8220;{}&#8220;][et_pb_text _builder_version=&#8220;4.27.4&#8243; _module_preset=&#8220;default&#8220; text_text_color=&#8220;#FFFFFF&#8220; text_font_size=&#8220;20px&#8220; text_line_height=&#8220;1.8em&#8220; header_text_color=&#8220;#FFFFFF&#8220; background_color=&#8220;#142952&#8243; text_orientation=&#8220;center&#8220; module_alignment=&#8220;center&#8220; min_height=&#8220;290px&#8220; custom_margin=&#8220;||||false|false&#8220; custom_padding=&#8220;60px||60px||true|false&#8220; link_option_url=&#8220;https:\/\/www.insenso.de\/de\/industrielle-automatisierung-und-prozesskontrolle\/&#8220; border_radii=&#8220;on|3px|3px|3px|3px&#8220; global_colors_info=&#8220;{}&#8220; custom_css_main_element__hover=&#8220;background-color: #db1d28;&#8220; custom_css_main_element__hover_enabled=&#8220;on|hover&#8220;]<\/p>\n<p><strong><img loading=\"lazy\" decoding=\"async\" src=\"https:\/\/www.insenso.de\/wp-content\/uploads\/2025\/04\/Insenso_Logo_Bildmarke2_weiss-01.png\" width=\"50\" height=\"50\" alt=\"\" class=\"wp-image-80 alignnone size-medium\"><\/strong><br \/><strong>Industrielle Automatisierung und Prozesskontrolle<\/strong><\/p>\n<p>[\/et_pb_text][\/et_pb_column][et_pb_column type=&#8220;1_3&#8243; _builder_version=&#8220;4.27.4&#8243; _module_preset=&#8220;default&#8220; global_colors_info=&#8220;{}&#8220;][et_pb_text _builder_version=&#8220;4.27.4&#8243; _module_preset=&#8220;default&#8220; text_text_color=&#8220;#FFFFFF&#8220; text_font_size=&#8220;20px&#8220; text_line_height=&#8220;1.8em&#8220; header_text_color=&#8220;#FFFFFF&#8220; background_color=&#8220;#142952&#8243; text_orientation=&#8220;center&#8220; module_alignment=&#8220;center&#8220; min_height=&#8220;290px&#8220; custom_margin=&#8220;||||false|false&#8220; custom_padding=&#8220;60px||60px||true|false&#8220; link_option_url=&#8220;https:\/\/www.insenso.de\/de\/industrielle-mobilitaet\/&#8220; border_radii=&#8220;on|3px|3px|3px|3px&#8220; global_colors_info=&#8220;{}&#8220; custom_css_main_element__hover=&#8220;background-color: #db1d28;&#8220; custom_css_main_element__hover_enabled=&#8220;on|hover&#8220;]<\/p>\n<p><strong><img loading=\"lazy\" decoding=\"async\" src=\"https:\/\/www.insenso.de\/wp-content\/uploads\/2025\/04\/Insenso_Logo_Bildmarke2_weiss-01.png\" width=\"50\" height=\"50\" alt=\"\" class=\"wp-image-80 alignnone size-medium\"><\/strong><br \/><strong>Industriell<br \/><\/strong><strong>Mobilit\u00e4t<\/strong><\/p>\n<p>[\/et_pb_text][\/et_pb_column][et_pb_column type=&#8220;1_3&#8243; _builder_version=&#8220;4.27.4&#8243; _module_preset=&#8220;default&#8220; global_colors_info=&#8220;{}&#8220;][et_pb_text _builder_version=&#8220;4.27.4&#8243; _module_preset=&#8220;default&#8220; text_text_color=&#8220;#FFFFFF&#8220; text_font_size=&#8220;20px&#8220; text_line_height=&#8220;1.8em&#8220; header_text_color=&#8220;#FFFFFF&#8220; background_color=&#8220;#142952&#8243; text_orientation=&#8220;center&#8220; module_alignment=&#8220;center&#8220; min_height=&#8220;290px&#8220; custom_margin=&#8220;||||false|false&#8220; custom_padding=&#8220;60px|5px|60px|5px|true|true&#8220; link_option_url=&#8220;https:\/\/www.insenso.de\/de\/landwirtschaft-und-umwelt\/&#8220; border_radii=&#8220;on|3px|3px|3px|3px&#8220; global_colors_info=&#8220;{}&#8220; custom_css_main_element__hover_enabled=&#8220;on|hover&#8220; custom_css_main_element__hover=&#8220;background-color: #db1d28;&#8220;]<\/p>\n<p><strong><img loading=\"lazy\" decoding=\"async\" src=\"https:\/\/www.insenso.de\/wp-content\/uploads\/2025\/04\/Insenso_Logo_Bildmarke2_weiss-01.png\" width=\"50\" height=\"50\" alt=\"\" class=\"wp-image-80 alignnone size-medium\"><\/strong><br \/><strong>Landwirtschaft und Umwelt<\/strong><\/p>\n<p>[\/et_pb_text][\/et_pb_column][\/et_pb_row][et_pb_row column_structure=&#8220;1_3,1_3,1_3&#8243; custom_padding_last_edited=&#8220;on|phone&#8220; _builder_version=&#8220;4.27.4&#8243; _module_preset=&#8220;default&#8220; custom_margin=&#8220;-25px|auto||auto||&#8220; custom_padding=&#8220;|20px|38px|20px|false|true&#8220; custom_padding_tablet=&#8220;|20px|38px|20px|false|true&#8220; custom_padding_phone=&#8220;|0px|38px|0px|false|true&#8220; global_colors_info=&#8220;{}&#8220;][et_pb_column type=&#8220;1_3&#8243; _builder_version=&#8220;4.27.4&#8243; _module_preset=&#8220;default&#8220; global_colors_info=&#8220;{}&#8220;][et_pb_text _builder_version=&#8220;4.27.4&#8243; _module_preset=&#8220;default&#8220; text_text_color=&#8220;#FFFFFF&#8220; text_font_size=&#8220;20px&#8220; text_line_height=&#8220;1.8em&#8220; header_text_color=&#8220;#FFFFFF&#8220; background_color=&#8220;#142952&#8243; text_orientation=&#8220;center&#8220; module_alignment=&#8220;center&#8220; min_height=&#8220;50px&#8220; custom_margin=&#8220;||||false|false&#8220; custom_padding=&#8220;60px||60px||true|false&#8220; link_option_url=&#8220;https:\/\/www.insenso.de\/de\/energie-und-versorgungsunternehmen\/&#8220; hover_enabled=&#8220;0&#8243; border_radii=&#8220;on|3px|3px|3px|3px&#8220; global_colors_info=&#8220;{}&#8220; custom_css_main_element__hover=&#8220;background-color: #db1d28;&#8220; custom_css_main_element__hover_enabled=&#8220;on|hover&#8220; height=&#8220;290px&#8220; sticky_enabled=&#8220;0&#8243;]<strong><img loading=\"lazy\" decoding=\"async\" src=\"https:\/\/www.insenso.de\/wp-content\/uploads\/2025\/04\/Insenso_Logo_Bildmarke2_weiss-01.png\" width=\"50\" height=\"50\" alt=\"\" class=\"wp-image-80 alignnone size-medium\"><\/strong><br \/>\n<strong>Energie und Versorgungsunternehmen<\/strong>[\/et_pb_text][\/et_pb_column][et_pb_column type=&#8220;1_3&#8243; _builder_version=&#8220;4.27.4&#8243; _module_preset=&#8220;default&#8220; global_colors_info=&#8220;{}&#8220;][et_pb_text _builder_version=&#8220;4.27.4&#8243; _module_preset=&#8220;default&#8220; text_text_color=&#8220;#FFFFFF&#8220; text_font_size=&#8220;20px&#8220; text_line_height=&#8220;1.8em&#8220; header_text_color=&#8220;#FFFFFF&#8220; background_color=&#8220;#142952&#8243; text_orientation=&#8220;center&#8220; module_alignment=&#8220;center&#8220; min_height=&#8220;50px&#8220; custom_margin=&#8220;||||false|false&#8220; custom_padding=&#8220;60px||60px||true|false&#8220; link_option_url=&#8220;https:\/\/www.insenso.de\/de\/medizinische-ausruestung\/&#8220; hover_enabled=&#8220;0&#8243; border_radii=&#8220;on|3px|3px|3px|3px&#8220; global_colors_info=&#8220;{}&#8220; custom_css_main_element__hover=&#8220;background-color: #db1d28;&#8220; custom_css_main_element__hover_enabled=&#8220;on|hover&#8220; height=&#8220;290px&#8220; sticky_enabled=&#8220;0&#8243;]<\/p>\n<p><strong><img loading=\"lazy\" decoding=\"async\" src=\"https:\/\/www.insenso.de\/wp-content\/uploads\/2025\/04\/Insenso_Logo_Bildmarke2_weiss-01.png\" width=\"50\" height=\"50\" alt=\"\" class=\"wp-image-80 alignnone size-medium\"><\/strong><br \/><strong>Medizinische Ausr\u00fcstung<\/strong><\/p>\n<p>[\/et_pb_text][\/et_pb_column][et_pb_column type=&#8220;1_3&#8243; _builder_version=&#8220;4.27.4&#8243; _module_preset=&#8220;default&#8220; global_colors_info=&#8220;{}&#8220;][et_pb_text _builder_version=&#8220;4.27.4&#8243; _module_preset=&#8220;default&#8220; text_text_color=&#8220;#FFFFFF&#8220; text_font_size=&#8220;20px&#8220; text_line_height=&#8220;1.8em&#8220; header_text_color=&#8220;#FFFFFF&#8220; background_color=&#8220;#142952&#8243; text_orientation=&#8220;center&#8220; module_alignment=&#8220;center&#8220; min_height=&#8220;290px&#8220; custom_margin=&#8220;||||false|false&#8220; custom_padding=&#8220;60px||60px||true|false&#8220; link_option_url=&#8220;https:\/\/www.insenso.de\/de\/wissenschaftliche-forschung-und-laborausruestung\/&#8220; hover_enabled=&#8220;0&#8243; border_radii=&#8220;on|3px|3px|3px|3px&#8220; global_colors_info=&#8220;{}&#8220; custom_css_main_element__hover_enabled=&#8220;on|hover&#8220; custom_css_main_element__hover=&#8220;background-color: #db1d28;&#8220; sticky_enabled=&#8220;0&#8243;]<strong><img loading=\"lazy\" decoding=\"async\" src=\"https:\/\/www.insenso.de\/wp-content\/uploads\/2025\/04\/Insenso_Logo_Bildmarke2_weiss-01.png\" width=\"50\" height=\"50\" alt=\"\" class=\"wp-image-80 alignnone size-medium\"><\/strong><br \/>\n<strong>Wissenschaftliche Forschung und Laborausr\u00fcstung<\/strong>[\/et_pb_text][\/et_pb_column][\/et_pb_row][\/et_pb_section][et_pb_section fb_built=&#8220;1&#8243; _builder_version=&#8220;4.27.4&#8243; _module_preset=&#8220;default&#8220; background_color=&#8220;#FFFFFF&#8220; background_enable_image=&#8220;off&#8220; background_size=&#8220;initial&#8220; background_position=&#8220;center_right&#8220; module_alignment=&#8220;center&#8220; max_height=&#8220;335px&#8220; custom_margin=&#8220;19px||||false|true&#8220; custom_padding=&#8220;14px||14px||true|false&#8220; global_colors_info=&#8220;{}&#8220;][et_pb_row _builder_version=&#8220;4.27.4&#8243; _module_preset=&#8220;default&#8220; custom_margin=&#8220;|auto||auto|false|false&#8220; custom_padding=&#8220;17px||17px||true|false&#8220; global_colors_info=&#8220;{}&#8220;][et_pb_column type=&#8220;4_4&#8243; _builder_version=&#8220;4.27.4&#8243; _module_preset=&#8220;default&#8220; global_colors_info=&#8220;{}&#8220;][et_pb_image src=&#8220;https:\/\/www.insenso.de\/wp-content\/uploads\/2025\/04\/Insenso_Logo_Bildmarke2-01.png&#8220; title_text=&#8220;Insenso_Logo_Bildmarke2-01&#8243; align=&#8220;center&#8220; _builder_version=&#8220;4.27.4&#8243; _module_preset=&#8220;default&#8220; width=&#8220;8%&#8220; width_tablet=&#8220;8%&#8220; width_phone=&#8220;34%&#8220; width_last_edited=&#8220;on|phone&#8220; global_colors_info=&#8220;{}&#8220;][\/et_pb_image][et_pb_text _builder_version=&#8220;4.27.4&#8243; _module_preset=&#8220;default&#8220; header_2_font=&#8220;|700|||||||&#8220; header_2_text_align=&#8220;center&#8220; header_2_text_color=&#8220;#142952&#8243; module_alignment=&#8220;left&#8220; global_colors_info=&#8220;{}&#8220;]<\/p>\n<h2>Insenso: <span style=\"color: #db1d28;\">Gewissheit schaffen<\/span><\/h2>\n<p>[\/et_pb_text][\/et_pb_column][\/et_pb_row][\/et_pb_section][et_pb_section fb_built=&#8220;1&#8243; _builder_version=&#8220;4.27.4&#8243; _module_preset=&#8220;default&#8220; background_color=&#8220;#142952&#8243; custom_padding=&#8220;13px||34px|||&#8220; saved_tabs=&#8220;all&#8220; global_colors_info=&#8220;{}&#8220;][et_pb_row _builder_version=&#8220;4.27.4&#8243; _module_preset=&#8220;default&#8220; custom_padding=&#8220;16px||6px|||&#8220; global_colors_info=&#8220;{}&#8220;][et_pb_column type=&#8220;4_4&#8243; _builder_version=&#8220;4.27.4&#8243; _module_preset=&#8220;default&#8220; global_colors_info=&#8220;{}&#8220;][et_pb_text _builder_version=&#8220;4.27.4&#8243; _module_preset=&#8220;default&#8220; text_text_color=&#8220;#FFFFFF&#8220; text_font_size=&#8220;12px&#8220; header_3_text_color=&#8220;#DB1D28&#8243; width=&#8220;100%&#8220; custom_padding=&#8220;||||false|false&#8220; global_colors_info=&#8220;{}&#8220;]<\/p>\n<h3>Kontakt<\/h3>\n<div class=\"untenrot clearfix\">\n<div class=\"float_right\">\n<p><strong>Insenso GmbH<\/strong><br \/>Rudower Chaussee 29<br \/>12489 Berlin<br \/>Deutschland<\/p>\n<p>tel: +49 (0) 176 16164900<br \/>mail: info@insenso.de<\/p>\n<\/div>\n<\/div>\n<p>[\/et_pb_text][\/et_pb_column][\/et_pb_row][et_pb_row _builder_version=&#8220;4.27.4&#8243; _module_preset=&#8220;default&#8220; custom_padding=&#8220;12px||0px||false|false&#8220; global_colors_info=&#8220;{}&#8220;][et_pb_column type=&#8220;4_4&#8243; _builder_version=&#8220;4.27.4&#8243; _module_preset=&#8220;default&#8220; custom_padding=&#8220;0px||0px||true|false&#8220; global_colors_info=&#8220;{}&#8220;][et_pb_divider color=&#8220;#DB1D28&#8243; divider_weight=&#8220;2px&#8220; _builder_version=&#8220;4.27.4&#8243; _module_preset=&#8220;default&#8220; custom_margin=&#8220;0px||0px||true|false&#8220; custom_padding=&#8220;0px||0px||true|false&#8220; global_colors_info=&#8220;{}&#8220;][\/et_pb_divider][\/et_pb_column][\/et_pb_row][et_pb_row _builder_version=&#8220;4.27.4&#8243; _module_preset=&#8220;default&#8220; custom_padding=&#8220;0px||0px||true|false&#8220; global_colors_info=&#8220;{}&#8220;][et_pb_column type=&#8220;4_4&#8243; _builder_version=&#8220;4.27.4&#8243; _module_preset=&#8220;default&#8220; global_colors_info=&#8220;{}&#8220;][et_pb_text _builder_version=&#8220;4.27.4&#8243; _module_preset=&#8220;default&#8220; text_font=&#8220;|700|||||||&#8220; text_text_color=&#8220;#FFFFFF&#8220; link_font=&#8220;||||||||&#8220; link_text_color=&#8220;#FFFFFF&#8220; global_colors_info=&#8220;{}&#8220;]<a href=\"https:\/\/www.insenso.de\/de\/impressum\/\">Impressum<\/a> &nbsp;<a href=\"https:\/\/www.insenso.de\/de\/datenschutzbestimmungen\/\">Datenschutzerkl\u00e4rung<\/a> &nbsp;<a href=\"https:\/\/www.insenso.de\/de\/bedingungen-und-konditionen\/\">AGB<\/a>[\/et_pb_text][\/et_pb_column][\/et_pb_row][\/et_pb_section]<\/p>\n","protected":false},"excerpt":{"rendered":"<p>W\u00e4hlen Sie Ihre KategorieIndustrielle Automatisierung und ProzesskontrolleIndustriellMobilit\u00e4tLandwirtschaft und Umwelt Energie und VersorgungsunternehmenMedizinische Ausr\u00fcstung Wissenschaftliche Forschung und Laborausr\u00fcstungInsenso: Gewissheit schaffenKontakt Insenso GmbHRudower Chaussee 2912489 BerlinDeutschland tel: +49 (0) 176 16164900mail: info@insenso.de Impressum &nbsp;Datenschutzerkl\u00e4rung &nbsp;AGB<\/p>\n","protected":false},"author":1,"featured_media":0,"parent":0,"menu_order":0,"comment_status":"closed","ping_status":"closed","template":"","meta":{"_et_pb_use_builder":"on","_et_pb_old_content":"","_et_gb_content_width":"","footnotes":""},"class_list":["post-774","page","type-page","status-publish","hentry"],"yoast_head":"<!-- This site is optimized with the Yoast SEO plugin v26.3 - https:\/\/yoast.com\/wordpress\/plugins\/seo\/ -->\n<title>Industrielle Anwendungen - Insenso GmbH<\/title>\n<meta name=\"robots\" content=\"index, follow, max-snippet:-1, max-image-preview:large, max-video-preview:-1\" \/>\n<link rel=\"canonical\" href=\"https:\/\/www.insenso.de\/de\/industrielle-anwendungen\/\" \/>\n<meta property=\"og:locale\" content=\"de_DE\" \/>\n<meta property=\"og:type\" content=\"article\" \/>\n<meta property=\"og:title\" content=\"Industrielle Anwendungen - Insenso GmbH\" \/>\n<meta property=\"og:description\" content=\"W\u00e4hlen Sie Ihre KategorieIndustrielle Automatisierung und ProzesskontrolleIndustriellMobilit\u00e4tLandwirtschaft und Umwelt Energie und VersorgungsunternehmenMedizinische Ausr\u00fcstung Wissenschaftliche Forschung und Laborausr\u00fcstungInsenso: Gewissheit schaffenKontakt Insenso GmbHRudower Chaussee 2912489 BerlinDeutschland tel: +49 (0) 176 16164900mail: info@insenso.de Impressum &nbsp;Datenschutzerkl\u00e4rung &nbsp;AGB\" \/>\n<meta property=\"og:url\" content=\"https:\/\/www.insenso.de\/de\/industrielle-anwendungen\/\" \/>\n<meta property=\"og:site_name\" content=\"Insenso GmbH\" \/>\n<meta property=\"article:modified_time\" content=\"2025-11-12T21:19:45+00:00\" \/>\n<meta property=\"og:image\" content=\"https:\/\/www.insenso.de\/wp-content\/uploads\/2025\/03\/insenso_bildmarke-1.png\" \/>\n\t<meta property=\"og:image:width\" content=\"486\" \/>\n\t<meta property=\"og:image:height\" content=\"482\" \/>\n\t<meta property=\"og:image:type\" content=\"image\/png\" \/>\n<meta name=\"twitter:card\" content=\"summary_large_image\" \/>\n<meta name=\"twitter:label1\" content=\"Gesch\u00e4tzte Lesezeit\" \/>\n\t<meta name=\"twitter:data1\" content=\"7\u00a0Minuten\" \/>\n<script type=\"application\/ld+json\" class=\"yoast-schema-graph\">{\"@context\":\"https:\/\/schema.org\",\"@graph\":[{\"@type\":\"WebPage\",\"@id\":\"https:\/\/www.insenso.de\/de\/industrielle-anwendungen\/\",\"url\":\"https:\/\/www.insenso.de\/de\/industrielle-anwendungen\/\",\"name\":\"Industrielle Anwendungen - Insenso GmbH\",\"isPartOf\":{\"@id\":\"https:\/\/www.insenso.de\/de\/#website\"},\"primaryImageOfPage\":{\"@id\":\"https:\/\/www.insenso.de\/de\/industrielle-anwendungen\/#primaryimage\"},\"image\":{\"@id\":\"https:\/\/www.insenso.de\/de\/industrielle-anwendungen\/#primaryimage\"},\"thumbnailUrl\":\"https:\/\/www.insenso.de\/wp-content\/uploads\/2025\/04\/Insenso_Logo_Bildmarke2_weiss-01.png\",\"datePublished\":\"2025-04-01T20:17:25+00:00\",\"dateModified\":\"2025-11-12T21:19:45+00:00\",\"breadcrumb\":{\"@id\":\"https:\/\/www.insenso.de\/de\/industrielle-anwendungen\/#breadcrumb\"},\"inLanguage\":\"de\",\"potentialAction\":[{\"@type\":\"ReadAction\",\"target\":[\"https:\/\/www.insenso.de\/de\/industrielle-anwendungen\/\"]}]},{\"@type\":\"ImageObject\",\"inLanguage\":\"de\",\"@id\":\"https:\/\/www.insenso.de\/de\/industrielle-anwendungen\/#primaryimage\",\"url\":\"https:\/\/www.insenso.de\/wp-content\/uploads\/2025\/04\/Insenso_Logo_Bildmarke2_weiss-01.png\",\"contentUrl\":\"https:\/\/www.insenso.de\/wp-content\/uploads\/2025\/04\/Insenso_Logo_Bildmarke2_weiss-01.png\"},{\"@type\":\"BreadcrumbList\",\"@id\":\"https:\/\/www.insenso.de\/de\/industrielle-anwendungen\/#breadcrumb\",\"itemListElement\":[{\"@type\":\"ListItem\",\"position\":1,\"name\":\"Home\",\"item\":\"https:\/\/www.insenso.de\/de\/\"},{\"@type\":\"ListItem\",\"position\":2,\"name\":\"Industrielle Anwendungen\"}]},{\"@type\":\"WebSite\",\"@id\":\"https:\/\/www.insenso.de\/de\/#website\",\"url\":\"https:\/\/www.insenso.de\/de\/\",\"name\":\"Insenso GmbH\",\"description\":\"\",\"publisher\":{\"@id\":\"https:\/\/www.insenso.de\/de\/#organization\"},\"potentialAction\":[{\"@type\":\"SearchAction\",\"target\":{\"@type\":\"EntryPoint\",\"urlTemplate\":\"https:\/\/www.insenso.de\/de\/?s={search_term_string}\"},\"query-input\":{\"@type\":\"PropertyValueSpecification\",\"valueRequired\":true,\"valueName\":\"search_term_string\"}}],\"inLanguage\":\"de\"},{\"@type\":\"Organization\",\"@id\":\"https:\/\/www.insenso.de\/de\/#organization\",\"name\":\"Insenso GmbH\",\"url\":\"https:\/\/www.insenso.de\/de\/\",\"logo\":{\"@type\":\"ImageObject\",\"inLanguage\":\"de\",\"@id\":\"https:\/\/www.insenso.de\/de\/#\/schema\/logo\/image\/\",\"url\":\"https:\/\/www.insenso.de\/wp-content\/uploads\/2025\/03\/InsensoGmbH_withoutBackground.png\",\"contentUrl\":\"https:\/\/www.insenso.de\/wp-content\/uploads\/2025\/03\/InsensoGmbH_withoutBackground.png\",\"width\":936,\"height\":234,\"caption\":\"Insenso GmbH\"},\"image\":{\"@id\":\"https:\/\/www.insenso.de\/de\/#\/schema\/logo\/image\/\"}}]}<\/script>\n<!-- \/ Yoast SEO plugin. -->","yoast_head_json":{"title":"Industrielle Anwendungen - Insenso GmbH","robots":{"index":"index","follow":"follow","max-snippet":"max-snippet:-1","max-image-preview":"max-image-preview:large","max-video-preview":"max-video-preview:-1"},"canonical":"https:\/\/www.insenso.de\/de\/industrielle-anwendungen\/","og_locale":"de_DE","og_type":"article","og_title":"Industrielle Anwendungen - Insenso GmbH","og_description":"W\u00e4hlen Sie Ihre KategorieIndustrielle Automatisierung und ProzesskontrolleIndustriellMobilit\u00e4tLandwirtschaft und Umwelt Energie und VersorgungsunternehmenMedizinische Ausr\u00fcstung Wissenschaftliche Forschung und Laborausr\u00fcstungInsenso: Gewissheit schaffenKontakt Insenso GmbHRudower Chaussee 2912489 BerlinDeutschland tel: +49 (0) 176 16164900mail: info@insenso.de Impressum &nbsp;Datenschutzerkl\u00e4rung &nbsp;AGB","og_url":"https:\/\/www.insenso.de\/de\/industrielle-anwendungen\/","og_site_name":"Insenso GmbH","article_modified_time":"2025-11-12T21:19:45+00:00","og_image":[{"width":486,"height":482,"url":"https:\/\/www.insenso.de\/wp-content\/uploads\/2025\/03\/insenso_bildmarke-1.png","type":"image\/png"}],"twitter_card":"summary_large_image","twitter_misc":{"Gesch\u00e4tzte Lesezeit":"7\u00a0Minuten"},"schema":{"@context":"https:\/\/schema.org","@graph":[{"@type":"WebPage","@id":"https:\/\/www.insenso.de\/de\/industrielle-anwendungen\/","url":"https:\/\/www.insenso.de\/de\/industrielle-anwendungen\/","name":"Industrielle Anwendungen - Insenso GmbH","isPartOf":{"@id":"https:\/\/www.insenso.de\/de\/#website"},"primaryImageOfPage":{"@id":"https:\/\/www.insenso.de\/de\/industrielle-anwendungen\/#primaryimage"},"image":{"@id":"https:\/\/www.insenso.de\/de\/industrielle-anwendungen\/#primaryimage"},"thumbnailUrl":"https:\/\/www.insenso.de\/wp-content\/uploads\/2025\/04\/Insenso_Logo_Bildmarke2_weiss-01.png","datePublished":"2025-04-01T20:17:25+00:00","dateModified":"2025-11-12T21:19:45+00:00","breadcrumb":{"@id":"https:\/\/www.insenso.de\/de\/industrielle-anwendungen\/#breadcrumb"},"inLanguage":"de","potentialAction":[{"@type":"ReadAction","target":["https:\/\/www.insenso.de\/de\/industrielle-anwendungen\/"]}]},{"@type":"ImageObject","inLanguage":"de","@id":"https:\/\/www.insenso.de\/de\/industrielle-anwendungen\/#primaryimage","url":"https:\/\/www.insenso.de\/wp-content\/uploads\/2025\/04\/Insenso_Logo_Bildmarke2_weiss-01.png","contentUrl":"https:\/\/www.insenso.de\/wp-content\/uploads\/2025\/04\/Insenso_Logo_Bildmarke2_weiss-01.png"},{"@type":"BreadcrumbList","@id":"https:\/\/www.insenso.de\/de\/industrielle-anwendungen\/#breadcrumb","itemListElement":[{"@type":"ListItem","position":1,"name":"Home","item":"https:\/\/www.insenso.de\/de\/"},{"@type":"ListItem","position":2,"name":"Industrielle Anwendungen"}]},{"@type":"WebSite","@id":"https:\/\/www.insenso.de\/de\/#website","url":"https:\/\/www.insenso.de\/de\/","name":"Insenso GmbH","description":"","publisher":{"@id":"https:\/\/www.insenso.de\/de\/#organization"},"potentialAction":[{"@type":"SearchAction","target":{"@type":"EntryPoint","urlTemplate":"https:\/\/www.insenso.de\/de\/?s={search_term_string}"},"query-input":{"@type":"PropertyValueSpecification","valueRequired":true,"valueName":"search_term_string"}}],"inLanguage":"de"},{"@type":"Organization","@id":"https:\/\/www.insenso.de\/de\/#organization","name":"Insenso GmbH","url":"https:\/\/www.insenso.de\/de\/","logo":{"@type":"ImageObject","inLanguage":"de","@id":"https:\/\/www.insenso.de\/de\/#\/schema\/logo\/image\/","url":"https:\/\/www.insenso.de\/wp-content\/uploads\/2025\/03\/InsensoGmbH_withoutBackground.png","contentUrl":"https:\/\/www.insenso.de\/wp-content\/uploads\/2025\/03\/InsensoGmbH_withoutBackground.png","width":936,"height":234,"caption":"Insenso GmbH"},"image":{"@id":"https:\/\/www.insenso.de\/de\/#\/schema\/logo\/image\/"}}]}},"_links":{"self":[{"href":"https:\/\/www.insenso.de\/de\/wp-json\/wp\/v2\/pages\/774","targetHints":{"allow":["GET"]}}],"collection":[{"href":"https:\/\/www.insenso.de\/de\/wp-json\/wp\/v2\/pages"}],"about":[{"href":"https:\/\/www.insenso.de\/de\/wp-json\/wp\/v2\/types\/page"}],"author":[{"embeddable":true,"href":"https:\/\/www.insenso.de\/de\/wp-json\/wp\/v2\/users\/1"}],"replies":[{"embeddable":true,"href":"https:\/\/www.insenso.de\/de\/wp-json\/wp\/v2\/comments?post=774"}],"version-history":[{"count":3,"href":"https:\/\/www.insenso.de\/de\/wp-json\/wp\/v2\/pages\/774\/revisions"}],"predecessor-version":[{"id":1442,"href":"https:\/\/www.insenso.de\/de\/wp-json\/wp\/v2\/pages\/774\/revisions\/1442"}],"wp:attachment":[{"href":"https:\/\/www.insenso.de\/de\/wp-json\/wp\/v2\/media?parent=774"}],"curies":[{"name":"wp","href":"https:\/\/api.w.org\/{rel}","templated":true}]}}