{"id":764,"date":"2025-07-06T13:33:27","date_gmt":"2025-07-06T13:33:27","guid":{"rendered":"https:\/\/www.insenso.de\/nachrichten\/praezision-neu-definiert-ipm10\/"},"modified":"2025-11-12T21:12:39","modified_gmt":"2025-11-12T21:12:39","slug":"praezision-neu-definiert-ipm10","status":"publish","type":"page","link":"https:\/\/www.insenso.de\/de\/nachrichten\/praezision-neu-definiert-ipm10\/","title":{"rendered":"Pr\u00e4zision neu definiert &#8211; IPM10"},"content":{"rendered":"<p>[et_pb_section fb_built=&#8220;1&#8243; _builder_version=&#8220;4.27.4&#8243; _module_preset=&#8220;default&#8220; background_image=&#8220;https:\/\/www.insenso.de\/wp-content\/uploads\/2025\/07\/AdobeStock_1088388622-scaled.jpeg&#8220; height=&#8220;450px&#8220; custom_margin=&#8220;15px|100px||100px|false|true&#8220; custom_margin_tablet=&#8220;15px|100px||100px|false|true&#8220; custom_margin_phone=&#8220;|0px||0px|false|true&#8220; custom_margin_last_edited=&#8220;on|phone&#8220; custom_padding=&#8220;0px||0px||true|false&#8220; border_width_top=&#8220;9px&#8220; border_color_top=&#8220;#DB1D28&#8243; global_colors_info=&#8220;{}&#8220;][et_pb_row _builder_version=&#8220;4.27.4&#8243; _module_preset=&#8220;default&#8220; global_colors_info=&#8220;{}&#8220;][et_pb_column type=&#8220;4_4&#8243; _builder_version=&#8220;4.27.4&#8243; _module_preset=&#8220;default&#8220; global_colors_info=&#8220;{}&#8220;][et_pb_text _builder_version=&#8220;4.27.4&#8243; _module_preset=&#8220;default&#8220; global_colors_info=&#8220;{}&#8220;][\/et_pb_text][\/et_pb_column][\/et_pb_row][\/et_pb_section][et_pb_section fb_built=&#8220;1&#8243; _builder_version=&#8220;4.27.4&#8243; _module_preset=&#8220;default&#8220; custom_padding=&#8220;||13px|||&#8220; global_colors_info=&#8220;{}&#8220;][et_pb_row column_structure=&#8220;3_4,1_4&#8243; use_custom_gutter=&#8220;on&#8220; gutter_width=&#8220;1&#8243; custom_padding_last_edited=&#8220;on|phone&#8220; _builder_version=&#8220;4.27.4&#8243; _module_preset=&#8220;default&#8220; background_color=&#8220;#FFFFFF&#8220; z_index=&#8220;57&#8243; width_tablet=&#8220;&#8220; width_phone=&#8220;100%&#8220; width_last_edited=&#8220;on|phone&#8220; custom_margin=&#8220;-164px|auto|6px|auto|false|false&#8220; custom_padding=&#8220;33px|32px|33px|32px|true|true&#8220; custom_padding_tablet=&#8220;33px|32px|33px|32px|true|true&#8220; custom_padding_phone=&#8220;33px|32px|0px|32px|false|true&#8220; border_width_top=&#8220;10px&#8220; border_color_top=&#8220;#142952&#8243; global_colors_info=&#8220;{}&#8220;][et_pb_column type=&#8220;3_4&#8243; _builder_version=&#8220;4.27.4&#8243; _module_preset=&#8220;default&#8220; custom_padding=&#8220;|20px|||false|false&#8220; border_color_right=&#8220;#DB1D28&#8243; global_colors_info=&#8220;{}&#8220;][et_pb_image src=&#8220;https:\/\/www.insenso.de\/wp-content\/uploads\/2025\/04\/Insenso_Logo_Bildmarke2-01.png&#8220; title_text=&#8220;Insenso_Logo_Bildmarke2-01&#8243; align_tablet=&#8220;&#8220; align_phone=&#8220;center&#8220; align_last_edited=&#8220;on|phone&#8220; _builder_version=&#8220;4.27.4&#8243; _module_preset=&#8220;default&#8220; width=&#8220;18%&#8220; width_tablet=&#8220;18%&#8220; width_phone=&#8220;34%&#8220; width_last_edited=&#8220;on|phone&#8220; custom_margin=&#8220;||19px||false|false&#8220; custom_padding=&#8220;|||28px|false|false&#8220; custom_padding_tablet=&#8220;|||28px|false|false&#8220; custom_padding_phone=&#8220;|||0px|false|false&#8220; custom_padding_last_edited=&#8220;on|phone&#8220; global_colors_info=&#8220;{}&#8220;][\/et_pb_image][et_pb_text _builder_version=&#8220;4.27.4&#8243; _module_preset=&#8220;default&#8220; text_text_color=&#8220;#142952&#8243; text_font_size=&#8220;15px&#8220; header_font=&#8220;|700|||||||&#8220; header_text_color=&#8220;#142952&#8243; header_3_font=&#8220;|700|||||||&#8220; header_3_text_color=&#8220;#142952&#8243; header_3_font_size=&#8220;41px&#8220; header_4_text_color=&#8220;#DB1D28&#8243; text_orientation=&#8220;justified&#8220; custom_margin=&#8220;25px|||||&#8220; custom_padding=&#8220;|25px||25px|false|true&#8220; header_3_font_size_tablet=&#8220;41px&#8220; header_3_font_size_phone=&#8220;30px&#8220; header_3_font_size_last_edited=&#8220;on|phone&#8220; text_orientation_tablet=&#8220;justified&#8220; text_orientation_phone=&#8220;center&#8220; text_orientation_last_edited=&#8220;on|phone&#8220; global_colors_info=&#8220;{}&#8220;]<\/p>\n<h3>Pr\u00e4zision neu definiert<\/h3>\n<p><strong>Insenso GmbH pr\u00e4sentiert das IPM10 Sensormodul<\/strong><\/p>\n<p>[\/et_pb_text][\/et_pb_column][et_pb_column type=&#8220;1_4&#8243; _builder_version=&#8220;4.27.4&#8243; _module_preset=&#8220;default&#8220; custom_padding=&#8220;|20px|||false|false&#8220; border_color_right=&#8220;#DB1D28&#8243; global_colors_info=&#8220;{}&#8220;][et_pb_image src=&#8220;https:\/\/www.insenso.de\/wp-content\/uploads\/2025\/07\/IPM10.png&#8220; title_text=&#8220;IPM10&#8243; _builder_version=&#8220;4.27.4&#8243; _module_preset=&#8220;default&#8220; width=&#8220;79%&#8220; width_tablet=&#8220;79%&#8220; width_phone=&#8220;53%&#8220; width_last_edited=&#8220;on|phone&#8220; module_alignment=&#8220;center&#8220; global_colors_info=&#8220;{}&#8220;][\/et_pb_image][\/et_pb_column][\/et_pb_row][et_pb_row custom_padding_last_edited=&#8220;on|phone&#8220; _builder_version=&#8220;4.27.4&#8243; _module_preset=&#8220;default&#8220; width_tablet=&#8220;&#8220; width_phone=&#8220;100%&#8220; width_last_edited=&#8220;on|phone&#8220; custom_padding=&#8220;|32px|8px|32px|false|false&#8220; custom_padding_tablet=&#8220;|32px|8px|32px|false|false&#8220; custom_padding_phone=&#8220;0px|32px|0px|32px|false|false&#8220; global_colors_info=&#8220;{}&#8220;][et_pb_column type=&#8220;4_4&#8243; _builder_version=&#8220;4.27.4&#8243; _module_preset=&#8220;default&#8220; global_colors_info=&#8220;{}&#8220;][et_pb_text _builder_version=&#8220;4.27.4&#8243; _module_preset=&#8220;default&#8220; text_text_color=&#8220;#142952&#8243; global_colors_info=&#8220;{}&#8220;]<\/p>\n<p>Insenso pr\u00e4sentiert das IPM10 \u2013 ein Drucksensormodul der n\u00e4chsten Generation, das speziell f\u00fcr industrielle Steuerungen und medizinische Diagnostik entwickelt wurde. Basierend auf der firmeneigenen IPD10 High Precision Technology setzt das IPM10 neue Ma\u00dfst\u00e4be in Bezug auf Sensorstabilit\u00e4t und Messgenauigkeit.<\/p>\n<p>&nbsp;<\/p>\n<p><strong>Technologische Innovation: Pr\u00e4zision und Stabilit\u00e4t durch optimierte Sensormodule<br \/><\/strong>\u00a0Das IPM10 kombiniert hochpr\u00e4zise Silizium-Drucksensoren mit einem mechanisch optimierten Packaging-Design. Diese Konstruktion reduziert mechanische Spannungen und sorgt f\u00fcr eine au\u00dfergew\u00f6hnlich hohe Langzeitstabilit\u00e4t sowie extrem geringe Temperatur- und Druckhysterese. Das Ergebnis: konstant pr\u00e4zise Messwerte \u00fcber lange Einsatzzeiten \u2013 auch unter schwierigen Umgebungsbedingungen.<\/p>\n<p><strong>Hauptvorteile des IPM10:<\/strong><\/p>\n<ul>\n<li>Mechanisch spannungsarmes Packaging \u2013 ideal f\u00fcr Kunden ohne eigene Geh\u00e4usel\u00f6sungen.<\/li>\n<li>Basierend auf der bew\u00e4hrten IPD10 High Precision Technology f\u00fcr h\u00f6chste Messgenauigkeit.<\/li>\n<li>Weltweit f\u00fchrende Langzeitstabilit\u00e4t f\u00fcr verl\u00e4ssliche Druckmessungen.<\/li>\n<li>Extrem niedrige Temperatur- und Druckhysterese f\u00fcr konsistente Messergebnisse.<\/li>\n<li>Schnelle Reaktionszeit und hochimpedante Wheatstone-Br\u00fccke f\u00fcr pr\u00e4zise Signalerfassung.<\/li>\n<\/ul>\n<p>&nbsp;<\/p>\n<p><strong>Vielseitige Einsatzm\u00f6glichkeiten:<br \/><\/strong>\u00a0Das IPM10-Sensormodul eignet sich ideal f\u00fcr hochpr\u00e4zise Druckmessungen in:<\/p>\n<ul>\n<li>Industriellen Steuerungssystemen: Zuverl\u00e4ssige Druckregelung in Produktionsprozessen.<\/li>\n<li>Medizintechnik: Pr\u00e4zise Diagnostik und Monitoring in sensiblen medizinischen Ger\u00e4ten.<\/li>\n<li>Vakuum- und \u00d6lf\u00fclltransmittern: Exakte Messungen bei hohen statischen Dr\u00fccken.<\/li>\n<\/ul>\n<p>[\/et_pb_text][\/et_pb_column][\/et_pb_row][\/et_pb_section][et_pb_section fb_built=&#8220;1&#8243; _builder_version=&#8220;4.27.4&#8243; _module_preset=&#8220;default&#8220; background_color=&#8220;#FFFFFF&#8220; background_enable_image=&#8220;off&#8220; background_size=&#8220;initial&#8220; background_position=&#8220;center_right&#8220; module_alignment=&#8220;center&#8220; custom_margin=&#8220;19px||60px||false|true&#8220; custom_padding=&#8220;0px||0px||true|false&#8220; global_colors_info=&#8220;{}&#8220;][et_pb_row _builder_version=&#8220;4.27.4&#8243; _module_preset=&#8220;default&#8220; custom_padding=&#8220;0px||0px||true|false&#8220; global_colors_info=&#8220;{}&#8220;][et_pb_column type=&#8220;4_4&#8243; _builder_version=&#8220;4.27.4&#8243; _module_preset=&#8220;default&#8220; global_colors_info=&#8220;{}&#8220;][et_pb_button button_url=&#8220;https:\/\/www.insenso.de\/de\/nachrichten\/&#8220; button_text=&#8220;Zur\u00fcck zu News&#8220; button_alignment=&#8220;left&#8220; _builder_version=&#8220;4.27.4&#8243; _module_preset=&#8220;default&#8220; custom_button=&#8220;on&#8220; button_text_color=&#8220;#FFFFFF&#8220; button_bg_color=&#8220;#DB1D28&#8243; button_border_width=&#8220;0px&#8220; button_border_radius=&#8220;5px&#8220; button_icon=&#8220;&#x23;||divi||400&#8243; button_icon_placement=&#8220;left&#8220; global_colors_info=&#8220;{}&#8220;][\/et_pb_button][\/et_pb_column][\/et_pb_row][\/et_pb_section][et_pb_section fb_built=&#8220;1&#8243; _builder_version=&#8220;4.27.4&#8243; _module_preset=&#8220;default&#8220; background_color=&#8220;#142952&#8243; custom_padding=&#8220;13px||34px|||&#8220; saved_tabs=&#8220;all&#8220; global_colors_info=&#8220;{}&#8220; global_module=&#8220;1099&#8243; theme_builder_area=&#8220;post_content&#8220;][et_pb_row _builder_version=&#8220;4.27.4&#8243; _module_preset=&#8220;default&#8220; custom_padding=&#8220;16px||6px|||&#8220; global_colors_info=&#8220;{}&#8220; theme_builder_area=&#8220;post_content&#8220;][et_pb_column type=&#8220;4_4&#8243; _builder_version=&#8220;4.27.4&#8243; _module_preset=&#8220;default&#8220; global_colors_info=&#8220;{}&#8220; theme_builder_area=&#8220;post_content&#8220;][et_pb_text _builder_version=&#8220;4.27.4&#8243; _module_preset=&#8220;default&#8220; text_text_color=&#8220;#FFFFFF&#8220; text_font_size=&#8220;12px&#8220; header_3_text_color=&#8220;#DB1D28&#8243; width=&#8220;100%&#8220; custom_padding=&#8220;||||false|false&#8220; global_colors_info=&#8220;{}&#8220; theme_builder_area=&#8220;post_content&#8220;]<\/p>\n<h3>Kontakt<\/h3>\n<div class=\"untenrot clearfix\">\n<div class=\"float_right\">\n<p><strong>Insenso GmbH<\/strong><br \/>Rudower Chaussee 29<br \/>12489 Berlin<br \/>Deutschland<\/p>\n<p>tel: +49 (0) 176 16164900<br \/>mail: info@insenso.de<\/p>\n<\/div>\n<\/div>\n<p>[\/et_pb_text][\/et_pb_column][\/et_pb_row][et_pb_row _builder_version=&#8220;4.27.4&#8243; _module_preset=&#8220;default&#8220; custom_padding=&#8220;12px||0px||false|false&#8220; global_colors_info=&#8220;{}&#8220; theme_builder_area=&#8220;post_content&#8220;][et_pb_column type=&#8220;4_4&#8243; _builder_version=&#8220;4.27.4&#8243; _module_preset=&#8220;default&#8220; custom_padding=&#8220;0px||0px||true|false&#8220; global_colors_info=&#8220;{}&#8220; theme_builder_area=&#8220;post_content&#8220;][et_pb_divider color=&#8220;#DB1D28&#8243; divider_weight=&#8220;2px&#8220; _builder_version=&#8220;4.27.4&#8243; _module_preset=&#8220;default&#8220; custom_margin=&#8220;0px||0px||true|false&#8220; custom_padding=&#8220;0px||0px||true|false&#8220; global_colors_info=&#8220;{}&#8220; theme_builder_area=&#8220;post_content&#8220;][\/et_pb_divider][\/et_pb_column][\/et_pb_row][et_pb_row _builder_version=&#8220;4.27.4&#8243; _module_preset=&#8220;default&#8220; custom_padding=&#8220;0px||0px||true|false&#8220; global_colors_info=&#8220;{}&#8220; theme_builder_area=&#8220;post_content&#8220;][et_pb_column type=&#8220;4_4&#8243; _builder_version=&#8220;4.27.4&#8243; _module_preset=&#8220;default&#8220; global_colors_info=&#8220;{}&#8220; theme_builder_area=&#8220;post_content&#8220;][et_pb_text _builder_version=&#8220;4.27.4&#8243; _module_preset=&#8220;default&#8220; text_font=&#8220;|700|||||||&#8220; text_text_color=&#8220;#FFFFFF&#8220; link_font=&#8220;||||||||&#8220; link_text_color=&#8220;#FFFFFF&#8220; global_colors_info=&#8220;{}&#8220; theme_builder_area=&#8220;post_content&#8220;]<a href=\"https:\/\/www.insenso.de\/de\/impressum\/\">Impressum<\/a> &nbsp;<a href=\"https:\/\/www.insenso.de\/de\/datenschutzbestimmungen\/\">Datenschutzerkl\u00e4rung<\/a> &nbsp;<a href=\"https:\/\/www.insenso.de\/de\/bedingungen-und-konditionen\/\">AGB<\/a>[\/et_pb_text][\/et_pb_column][\/et_pb_row][\/et_pb_section]<\/p>\n","protected":false},"excerpt":{"rendered":"<p>Pr\u00e4zision neu definiert Insenso GmbH pr\u00e4sentiert das IPM10 SensormodulInsenso pr\u00e4sentiert das IPM10 \u2013 ein Drucksensormodul der n\u00e4chsten Generation, das speziell f\u00fcr industrielle Steuerungen und medizinische Diagnostik entwickelt wurde. Basierend auf der firmeneigenen IPD10 High Precision Technology setzt das IPM10 neue Ma\u00dfst\u00e4be in Bezug auf Sensorstabilit\u00e4t und Messgenauigkeit. &nbsp; Technologische Innovation: Pr\u00e4zision und Stabilit\u00e4t durch optimierte [&hellip;]<\/p>\n","protected":false},"author":1,"featured_media":0,"parent":760,"menu_order":0,"comment_status":"closed","ping_status":"closed","template":"","meta":{"_et_pb_use_builder":"on","_et_pb_old_content":"","_et_gb_content_width":"","footnotes":""},"class_list":["post-764","page","type-page","status-publish","hentry"],"yoast_head":"<!-- This site is optimized with the Yoast SEO plugin v26.3 - https:\/\/yoast.com\/wordpress\/plugins\/seo\/ -->\n<title>Pr\u00e4zision neu definiert - IPM10 - Insenso GmbH<\/title>\n<meta name=\"robots\" content=\"index, follow, max-snippet:-1, max-image-preview:large, max-video-preview:-1\" \/>\n<link rel=\"canonical\" href=\"https:\/\/www.insenso.de\/de\/nachrichten\/praezision-neu-definiert-ipm10\/\" \/>\n<meta property=\"og:locale\" content=\"de_DE\" \/>\n<meta property=\"og:type\" content=\"article\" \/>\n<meta property=\"og:title\" content=\"Pr\u00e4zision neu definiert - IPM10 - Insenso GmbH\" \/>\n<meta property=\"og:description\" content=\"Pr\u00e4zision neu definiert Insenso GmbH pr\u00e4sentiert das IPM10 SensormodulInsenso pr\u00e4sentiert das IPM10 \u2013 ein Drucksensormodul der n\u00e4chsten Generation, das speziell f\u00fcr industrielle Steuerungen und medizinische Diagnostik entwickelt wurde. Basierend auf der firmeneigenen IPD10 High Precision Technology setzt das IPM10 neue Ma\u00dfst\u00e4be in Bezug auf Sensorstabilit\u00e4t und Messgenauigkeit. &nbsp; Technologische Innovation: Pr\u00e4zision und Stabilit\u00e4t durch optimierte [&hellip;]\" \/>\n<meta property=\"og:url\" content=\"https:\/\/www.insenso.de\/de\/nachrichten\/praezision-neu-definiert-ipm10\/\" \/>\n<meta property=\"og:site_name\" content=\"Insenso GmbH\" \/>\n<meta property=\"article:modified_time\" content=\"2025-11-12T21:12:39+00:00\" \/>\n<meta name=\"twitter:card\" content=\"summary_large_image\" \/>\n<meta name=\"twitter:label1\" content=\"Gesch\u00e4tzte Lesezeit\" \/>\n\t<meta name=\"twitter:data1\" content=\"6\u00a0Minuten\" \/>\n<script type=\"application\/ld+json\" class=\"yoast-schema-graph\">{\"@context\":\"https:\/\/schema.org\",\"@graph\":[{\"@type\":\"WebPage\",\"@id\":\"https:\/\/www.insenso.de\/de\/nachrichten\/praezision-neu-definiert-ipm10\/\",\"url\":\"https:\/\/www.insenso.de\/de\/nachrichten\/praezision-neu-definiert-ipm10\/\",\"name\":\"Pr\u00e4zision neu definiert - IPM10 - Insenso GmbH\",\"isPartOf\":{\"@id\":\"https:\/\/www.insenso.de\/de\/#website\"},\"datePublished\":\"2025-07-06T13:33:27+00:00\",\"dateModified\":\"2025-11-12T21:12:39+00:00\",\"breadcrumb\":{\"@id\":\"https:\/\/www.insenso.de\/de\/nachrichten\/praezision-neu-definiert-ipm10\/#breadcrumb\"},\"inLanguage\":\"de\",\"potentialAction\":[{\"@type\":\"ReadAction\",\"target\":[\"https:\/\/www.insenso.de\/de\/nachrichten\/praezision-neu-definiert-ipm10\/\"]}]},{\"@type\":\"BreadcrumbList\",\"@id\":\"https:\/\/www.insenso.de\/de\/nachrichten\/praezision-neu-definiert-ipm10\/#breadcrumb\",\"itemListElement\":[{\"@type\":\"ListItem\",\"position\":1,\"name\":\"Home\",\"item\":\"https:\/\/www.insenso.de\/de\/\"},{\"@type\":\"ListItem\",\"position\":2,\"name\":\"Nachrichten\",\"item\":\"https:\/\/www.insenso.de\/de\/news\/\"},{\"@type\":\"ListItem\",\"position\":3,\"name\":\"Pr\u00e4zision neu definiert &#8211; IPM10\"}]},{\"@type\":\"WebSite\",\"@id\":\"https:\/\/www.insenso.de\/de\/#website\",\"url\":\"https:\/\/www.insenso.de\/de\/\",\"name\":\"Insenso GmbH\",\"description\":\"\",\"publisher\":{\"@id\":\"https:\/\/www.insenso.de\/de\/#organization\"},\"potentialAction\":[{\"@type\":\"SearchAction\",\"target\":{\"@type\":\"EntryPoint\",\"urlTemplate\":\"https:\/\/www.insenso.de\/de\/?s={search_term_string}\"},\"query-input\":{\"@type\":\"PropertyValueSpecification\",\"valueRequired\":true,\"valueName\":\"search_term_string\"}}],\"inLanguage\":\"de\"},{\"@type\":\"Organization\",\"@id\":\"https:\/\/www.insenso.de\/de\/#organization\",\"name\":\"Insenso GmbH\",\"url\":\"https:\/\/www.insenso.de\/de\/\",\"logo\":{\"@type\":\"ImageObject\",\"inLanguage\":\"de\",\"@id\":\"https:\/\/www.insenso.de\/de\/#\/schema\/logo\/image\/\",\"url\":\"https:\/\/www.insenso.de\/wp-content\/uploads\/2025\/03\/InsensoGmbH_withoutBackground.png\",\"contentUrl\":\"https:\/\/www.insenso.de\/wp-content\/uploads\/2025\/03\/InsensoGmbH_withoutBackground.png\",\"width\":936,\"height\":234,\"caption\":\"Insenso GmbH\"},\"image\":{\"@id\":\"https:\/\/www.insenso.de\/de\/#\/schema\/logo\/image\/\"}}]}<\/script>\n<!-- \/ Yoast SEO plugin. -->","yoast_head_json":{"title":"Pr\u00e4zision neu definiert - IPM10 - Insenso GmbH","robots":{"index":"index","follow":"follow","max-snippet":"max-snippet:-1","max-image-preview":"max-image-preview:large","max-video-preview":"max-video-preview:-1"},"canonical":"https:\/\/www.insenso.de\/de\/nachrichten\/praezision-neu-definiert-ipm10\/","og_locale":"de_DE","og_type":"article","og_title":"Pr\u00e4zision neu definiert - IPM10 - Insenso GmbH","og_description":"Pr\u00e4zision neu definiert Insenso GmbH pr\u00e4sentiert das IPM10 SensormodulInsenso pr\u00e4sentiert das IPM10 \u2013 ein Drucksensormodul der n\u00e4chsten Generation, das speziell f\u00fcr industrielle Steuerungen und medizinische Diagnostik entwickelt wurde. Basierend auf der firmeneigenen IPD10 High Precision Technology setzt das IPM10 neue Ma\u00dfst\u00e4be in Bezug auf Sensorstabilit\u00e4t und Messgenauigkeit. &nbsp; Technologische Innovation: Pr\u00e4zision und Stabilit\u00e4t durch optimierte [&hellip;]","og_url":"https:\/\/www.insenso.de\/de\/nachrichten\/praezision-neu-definiert-ipm10\/","og_site_name":"Insenso GmbH","article_modified_time":"2025-11-12T21:12:39+00:00","twitter_card":"summary_large_image","twitter_misc":{"Gesch\u00e4tzte Lesezeit":"6\u00a0Minuten"},"schema":{"@context":"https:\/\/schema.org","@graph":[{"@type":"WebPage","@id":"https:\/\/www.insenso.de\/de\/nachrichten\/praezision-neu-definiert-ipm10\/","url":"https:\/\/www.insenso.de\/de\/nachrichten\/praezision-neu-definiert-ipm10\/","name":"Pr\u00e4zision neu definiert - IPM10 - Insenso GmbH","isPartOf":{"@id":"https:\/\/www.insenso.de\/de\/#website"},"datePublished":"2025-07-06T13:33:27+00:00","dateModified":"2025-11-12T21:12:39+00:00","breadcrumb":{"@id":"https:\/\/www.insenso.de\/de\/nachrichten\/praezision-neu-definiert-ipm10\/#breadcrumb"},"inLanguage":"de","potentialAction":[{"@type":"ReadAction","target":["https:\/\/www.insenso.de\/de\/nachrichten\/praezision-neu-definiert-ipm10\/"]}]},{"@type":"BreadcrumbList","@id":"https:\/\/www.insenso.de\/de\/nachrichten\/praezision-neu-definiert-ipm10\/#breadcrumb","itemListElement":[{"@type":"ListItem","position":1,"name":"Home","item":"https:\/\/www.insenso.de\/de\/"},{"@type":"ListItem","position":2,"name":"Nachrichten","item":"https:\/\/www.insenso.de\/de\/news\/"},{"@type":"ListItem","position":3,"name":"Pr\u00e4zision neu definiert &#8211; IPM10"}]},{"@type":"WebSite","@id":"https:\/\/www.insenso.de\/de\/#website","url":"https:\/\/www.insenso.de\/de\/","name":"Insenso GmbH","description":"","publisher":{"@id":"https:\/\/www.insenso.de\/de\/#organization"},"potentialAction":[{"@type":"SearchAction","target":{"@type":"EntryPoint","urlTemplate":"https:\/\/www.insenso.de\/de\/?s={search_term_string}"},"query-input":{"@type":"PropertyValueSpecification","valueRequired":true,"valueName":"search_term_string"}}],"inLanguage":"de"},{"@type":"Organization","@id":"https:\/\/www.insenso.de\/de\/#organization","name":"Insenso GmbH","url":"https:\/\/www.insenso.de\/de\/","logo":{"@type":"ImageObject","inLanguage":"de","@id":"https:\/\/www.insenso.de\/de\/#\/schema\/logo\/image\/","url":"https:\/\/www.insenso.de\/wp-content\/uploads\/2025\/03\/InsensoGmbH_withoutBackground.png","contentUrl":"https:\/\/www.insenso.de\/wp-content\/uploads\/2025\/03\/InsensoGmbH_withoutBackground.png","width":936,"height":234,"caption":"Insenso GmbH"},"image":{"@id":"https:\/\/www.insenso.de\/de\/#\/schema\/logo\/image\/"}}]}},"_links":{"self":[{"href":"https:\/\/www.insenso.de\/de\/wp-json\/wp\/v2\/pages\/764","targetHints":{"allow":["GET"]}}],"collection":[{"href":"https:\/\/www.insenso.de\/de\/wp-json\/wp\/v2\/pages"}],"about":[{"href":"https:\/\/www.insenso.de\/de\/wp-json\/wp\/v2\/types\/page"}],"author":[{"embeddable":true,"href":"https:\/\/www.insenso.de\/de\/wp-json\/wp\/v2\/users\/1"}],"replies":[{"embeddable":true,"href":"https:\/\/www.insenso.de\/de\/wp-json\/wp\/v2\/comments?post=764"}],"version-history":[{"count":1,"href":"https:\/\/www.insenso.de\/de\/wp-json\/wp\/v2\/pages\/764\/revisions"}],"predecessor-version":[{"id":1429,"href":"https:\/\/www.insenso.de\/de\/wp-json\/wp\/v2\/pages\/764\/revisions\/1429"}],"up":[{"embeddable":true,"href":"https:\/\/www.insenso.de\/de\/wp-json\/wp\/v2\/pages\/760"}],"wp:attachment":[{"href":"https:\/\/www.insenso.de\/de\/wp-json\/wp\/v2\/media?parent=764"}],"curies":[{"name":"wp","href":"https:\/\/api.w.org\/{rel}","templated":true}]}}