{"id":753,"date":"2025-07-21T19:38:45","date_gmt":"2025-07-21T19:38:45","guid":{"rendered":"https:\/\/www.insenso.de\/insenso-auf-der-sensortest-2025-hochpraezise-sensoren-im-rampenlicht\/"},"modified":"2025-11-12T21:11:44","modified_gmt":"2025-11-12T21:11:44","slug":"insenso-auf-der-sensortest-2025-hochpraezise-sensoren-im-rampenlicht","status":"publish","type":"page","link":"https:\/\/www.insenso.de\/de\/nachrichten\/insenso-auf-der-sensortest-2025-hochpraezise-sensoren-im-rampenlicht\/","title":{"rendered":"Insenso auf der SENSOR+TEST 2025: Hochpr\u00e4zise Sensoren im Rampenlicht"},"content":{"rendered":"<p>[et_pb_section fb_built=&#8220;1&#8243; _builder_version=&#8220;4.27.4&#8243; _module_preset=&#8220;default&#8220; background_image=&#8220;https:\/\/www.insenso.de\/wp-content\/uploads\/2025\/07\/SensorTest-2025.jpeg&#8220; background_position=&#8220;top_center&#8220; background_vertical_offset=&#8220;23%&#8220; width_tablet=&#8220;&#8220; width_phone=&#8220;100%&#8220; width_last_edited=&#8220;on|phone&#8220; height=&#8220;450px&#8220; custom_margin=&#8220;15px|100px||100px|false|true&#8220; custom_margin_tablet=&#8220;15px|100px||100px|false|true&#8220; custom_margin_phone=&#8220;15px|0px||0px|false|true&#8220; custom_margin_last_edited=&#8220;on|phone&#8220; custom_padding=&#8220;0px||0px||true|false&#8220; border_width_top=&#8220;9px&#8220; border_color_top=&#8220;#DB1D28&#8243; global_colors_info=&#8220;{}&#8220;][et_pb_row _builder_version=&#8220;4.27.4&#8243; _module_preset=&#8220;default&#8220; global_colors_info=&#8220;{}&#8220;][et_pb_column type=&#8220;4_4&#8243; _builder_version=&#8220;4.27.4&#8243; _module_preset=&#8220;default&#8220; global_colors_info=&#8220;{}&#8220;][et_pb_text _builder_version=&#8220;4.27.4&#8243; _module_preset=&#8220;default&#8220; global_colors_info=&#8220;{}&#8220;][\/et_pb_text][\/et_pb_column][\/et_pb_row][\/et_pb_section][et_pb_section fb_built=&#8220;1&#8243; _builder_version=&#8220;4.27.4&#8243; _module_preset=&#8220;default&#8220; custom_padding=&#8220;||13px|||&#8220; global_colors_info=&#8220;{}&#8220;][et_pb_row column_structure=&#8220;3_4,1_4&#8243; use_custom_gutter=&#8220;on&#8220; gutter_width=&#8220;1&#8243; custom_padding_last_edited=&#8220;on|phone&#8220; _builder_version=&#8220;4.27.4&#8243; _module_preset=&#8220;default&#8220; background_color=&#8220;#FFFFFF&#8220; z_index=&#8220;57&#8243; width_tablet=&#8220;&#8220; width_phone=&#8220;100%&#8220; width_last_edited=&#8220;on|phone&#8220; custom_margin=&#8220;-164px|auto|6px|auto|false|false&#8220; custom_padding=&#8220;33px|32px|33px|32px|true|true&#8220; custom_padding_tablet=&#8220;33px|32px|33px|32px|true|true&#8220; custom_padding_phone=&#8220;33px|9px|0px|9px|false|true&#8220; border_width_top=&#8220;10px&#8220; border_color_top=&#8220;#142952&#8243; global_colors_info=&#8220;{}&#8220;][et_pb_column type=&#8220;3_4&#8243; _builder_version=&#8220;4.27.4&#8243; _module_preset=&#8220;default&#8220; custom_padding=&#8220;|20px|||false|false&#8220; custom_padding_tablet=&#8220;|20px|||false|false&#8220; custom_padding_phone=&#8220;|0px|||false|false&#8220; custom_padding_last_edited=&#8220;on|phone&#8220; border_color_right=&#8220;#DB1D28&#8243; global_colors_info=&#8220;{}&#8220;][et_pb_image src=&#8220;https:\/\/www.insenso.de\/wp-content\/uploads\/2025\/04\/Insenso_Logo_Bildmarke2-01.png&#8220; title_text=&#8220;Insenso_Logo_Bildmarke2-01&#8243; align_tablet=&#8220;&#8220; align_phone=&#8220;center&#8220; align_last_edited=&#8220;on|phone&#8220; _builder_version=&#8220;4.27.4&#8243; _module_preset=&#8220;default&#8220; width=&#8220;18%&#8220; width_tablet=&#8220;18%&#8220; width_phone=&#8220;29%&#8220; width_last_edited=&#8220;on|phone&#8220; custom_margin=&#8220;||19px||false|false&#8220; custom_padding=&#8220;|||28px|false|false&#8220; custom_padding_tablet=&#8220;|||28px|false|false&#8220; custom_padding_phone=&#8220;|||0px|false|false&#8220; custom_padding_last_edited=&#8220;on|phone&#8220; global_colors_info=&#8220;{}&#8220;][\/et_pb_image][et_pb_text _builder_version=&#8220;4.27.4&#8243; _module_preset=&#8220;default&#8220; text_text_color=&#8220;#142952&#8243; text_font_size=&#8220;15px&#8220; header_font=&#8220;|700|||||||&#8220; header_text_color=&#8220;#142952&#8243; header_3_font=&#8220;|700|||||||&#8220; header_3_text_align=&#8220;left&#8220; header_3_text_color=&#8220;#142952&#8243; header_3_font_size=&#8220;41px&#8220; header_4_text_color=&#8220;#DB1D28&#8243; text_orientation=&#8220;justified&#8220; custom_margin=&#8220;25px|||||&#8220; custom_margin_tablet=&#8220;25px|||||&#8220; custom_margin_phone=&#8220;25px|||||&#8220; custom_margin_last_edited=&#8220;on|phone&#8220; custom_padding=&#8220;|0px||0px|false|true&#8220; header_3_text_align_tablet=&#8220;left&#8220; header_3_text_align_phone=&#8220;center&#8220; header_3_text_align_last_edited=&#8220;on|desktop&#8220; header_3_font_size_tablet=&#8220;41px&#8220; header_3_font_size_phone=&#8220;30px&#8220; header_3_font_size_last_edited=&#8220;on|phone&#8220; text_orientation_tablet=&#8220;justified&#8220; text_orientation_phone=&#8220;center&#8220; text_orientation_last_edited=&#8220;on|phone&#8220; global_colors_info=&#8220;{}&#8220;]<\/p>\n<h3>Insenso auf der SENSOR+TEST 2025:<\/h3>\n<p><strong>Hochpr\u00e4zise Sensoren im Rampenlicht<\/strong><\/p>\n<p>[\/et_pb_text][\/et_pb_column][et_pb_column type=&#8220;1_4&#8243; _builder_version=&#8220;4.27.4&#8243; _module_preset=&#8220;default&#8220; custom_padding=&#8220;|20px|||false|false&#8220; border_color_right=&#8220;#DB1D28&#8243; global_colors_info=&#8220;{}&#8220;][\/et_pb_column][\/et_pb_row][et_pb_row custom_padding_last_edited=&#8220;on|phone&#8220; _builder_version=&#8220;4.27.4&#8243; _module_preset=&#8220;default&#8220; width_tablet=&#8220;&#8220; width_phone=&#8220;100%&#8220; width_last_edited=&#8220;on|phone&#8220; custom_padding=&#8220;|32px|8px|32px|false|false&#8220; custom_padding_tablet=&#8220;|32px|8px|32px|false|false&#8220; custom_padding_phone=&#8220;0px||||false|false&#8220; global_colors_info=&#8220;{}&#8220;][et_pb_column type=&#8220;4_4&#8243; _builder_version=&#8220;4.27.4&#8243; _module_preset=&#8220;default&#8220; global_colors_info=&#8220;{}&#8220;][et_pb_text _builder_version=&#8220;4.27.4&#8243; _module_preset=&#8220;default&#8220; text_text_color=&#8220;#142952&#8243; global_colors_info=&#8220;{}&#8220;]<\/p>\n<p>Vom 6. bis 8. Mai 2025 fand in N\u00fcrnberg die internationale Fachmesse SENSOR+TEST statt &#8211; die f\u00fchrende Business-Plattform f\u00fcr Entwickler von Sensor-, Mess- und Pr\u00fcftechnik (<span><a href=\"https:\/\/www.sensor-test.de\">sensor-test.de<\/a><\/span>). Auf dem Stand in Halle 1 (Stand 1-316) pr\u00e4sentierte die <strong>Insenso GmbH<\/strong> ihre neuesten Entwicklungen auf dem Gebiet der MEMS-Technologie. <\/p>\n<p>Auf dem Messestand pr\u00e4sentierte Insenso eine Reihe von fortschrittlichen <strong>Drucktransmittern<\/strong>, die Pr\u00e4zision, Konfigurationsflexibilit\u00e4t und Kosteneffizienz miteinander verbinden. Sie sind f\u00fcr Messungen von 100 mbar bis 50 bar ausgelegt und verf\u00fcgen \u00fcber ein kombiniertes Design &#8211; vom \u00f6lgef\u00fcllten bis zum D\u00fcnnschichtprinzip. <\/p>\n<p>Das Unternehmen pr\u00e4sentierte au\u00dferdem sein neues Flaggschiff <strong>MEMS Pressure Dies<\/strong> &#8211; eine Serie von piezoresistiven Mikrosensoren (IPD), die in f\u00fcnf verschiedenen Produktlinien erh\u00e4ltlich sind und f\u00fcr L\u00f6sungen optimiert wurden, die hohe Genauigkeit, Zuverl\u00e4ssigkeit und niedrige Kosten erfordern.<\/p>\n<p>Dar\u00fcber hinaus hat Insenso eine neue <strong>modulare Miniaturl\u00f6sung<\/strong> f\u00fcr hochpr\u00e4zise Druckanzeigen im industriellen und medizinischen Bereich vorgestellt.<\/p>\n<p>Insenso demonstrierte eine vollst\u00e4ndige Palette seiner propriet\u00e4ren MEMS-L\u00f6sungen &#8211; von der Entwicklung und Kalibrierung bis hin zu kompletten Sensoren &#8211; und kombinierte dabei die multidisziplin\u00e4re Expertise eines Teams mit 30 Jahren Erfahrung in MEMS-Technologien. Das Unternehmen ist zuversichtlich, seine Position auf dem internationalen Markt zu st\u00e4rken, indem es fortschrittliche L\u00f6sungen f\u00fcr Industrie, Medizin, IoT und intelligente Ger\u00e4te anbietet. <\/p>\n<p>[\/et_pb_text][\/et_pb_column][\/et_pb_row][\/et_pb_section][et_pb_section fb_built=&#8220;1&#8243; _builder_version=&#8220;4.27.4&#8243; _module_preset=&#8220;default&#8220; background_color=&#8220;#FFFFFF&#8220; background_enable_image=&#8220;off&#8220; background_size=&#8220;initial&#8220; background_position=&#8220;center_right&#8220; module_alignment=&#8220;center&#8220; custom_margin=&#8220;19px||60px||false|true&#8220; custom_padding=&#8220;0px||0px||true|false&#8220; global_colors_info=&#8220;{}&#8220;][et_pb_row custom_padding_last_edited=&#8220;on|phone&#8220; _builder_version=&#8220;4.27.4&#8243; _module_preset=&#8220;default&#8220; custom_padding_tablet=&#8220;&#8220; custom_padding_phone=&#8220;0px||0px||false|false&#8220; global_colors_info=&#8220;{}&#8220;][et_pb_column type=&#8220;4_4&#8243; _builder_version=&#8220;4.27.4&#8243; _module_preset=&#8220;default&#8220; global_colors_info=&#8220;{}&#8220;][et_pb_button button_url=&#8220;https:\/\/www.insenso.de\/de\/nachrichten\/&#8220; button_text=&#8220;Zur\u00fcck zu Nachrichten&#8220; button_alignment=&#8220;left&#8220; _builder_version=&#8220;4.27.4&#8243; _module_preset=&#8220;default&#8220; custom_button=&#8220;on&#8220; button_text_color=&#8220;#FFFFFF&#8220; button_bg_color=&#8220;#DB1D28&#8243; button_border_width=&#8220;0px&#8220; button_border_radius=&#8220;5px&#8220; button_icon=&#8220;&#x23;||divi||400&#8243; button_icon_placement=&#8220;left&#8220; global_colors_info=&#8220;{}&#8220;][\/et_pb_button][\/et_pb_column][\/et_pb_row][\/et_pb_section][et_pb_section fb_built=&#8220;1&#8243; _builder_version=&#8220;4.27.4&#8243; _module_preset=&#8220;default&#8220; background_color=&#8220;#142952&#8243; custom_padding=&#8220;13px||34px|||&#8220; saved_tabs=&#8220;all&#8220; global_colors_info=&#8220;{}&#8220; global_module=&#8220;1099&#8243; theme_builder_area=&#8220;post_content&#8220;][et_pb_row _builder_version=&#8220;4.27.4&#8243; _module_preset=&#8220;default&#8220; custom_padding=&#8220;16px||6px|||&#8220; global_colors_info=&#8220;{}&#8220; theme_builder_area=&#8220;post_content&#8220;][et_pb_column type=&#8220;4_4&#8243; _builder_version=&#8220;4.27.4&#8243; _module_preset=&#8220;default&#8220; global_colors_info=&#8220;{}&#8220; theme_builder_area=&#8220;post_content&#8220;][et_pb_text _builder_version=&#8220;4.27.4&#8243; _module_preset=&#8220;default&#8220; text_text_color=&#8220;#FFFFFF&#8220; text_font_size=&#8220;12px&#8220; header_3_text_color=&#8220;#DB1D28&#8243; width=&#8220;100%&#8220; custom_padding=&#8220;||||false|false&#8220; global_colors_info=&#8220;{}&#8220; theme_builder_area=&#8220;post_content&#8220;]<\/p>\n<h3>Kontakt<\/h3>\n<div class=\"untenrot clearfix\">\n<div class=\"float_right\">\n<p><strong>Insenso GmbH<\/strong><br \/>Rudower Chaussee 29<br \/>12489 Berlin<br \/>Deutschland<\/p>\n<p>tel: +49 (0) 176 16164900<br \/>mail: info@insenso.de<\/p>\n<\/div>\n<\/div>\n<p>[\/et_pb_text][\/et_pb_column][\/et_pb_row][et_pb_row _builder_version=&#8220;4.27.4&#8243; _module_preset=&#8220;default&#8220; custom_padding=&#8220;12px||0px||false|false&#8220; global_colors_info=&#8220;{}&#8220; theme_builder_area=&#8220;post_content&#8220;][et_pb_column type=&#8220;4_4&#8243; _builder_version=&#8220;4.27.4&#8243; _module_preset=&#8220;default&#8220; custom_padding=&#8220;0px||0px||true|false&#8220; global_colors_info=&#8220;{}&#8220; theme_builder_area=&#8220;post_content&#8220;][et_pb_divider color=&#8220;#DB1D28&#8243; divider_weight=&#8220;2px&#8220; _builder_version=&#8220;4.27.4&#8243; _module_preset=&#8220;default&#8220; custom_margin=&#8220;0px||0px||true|false&#8220; custom_padding=&#8220;0px||0px||true|false&#8220; global_colors_info=&#8220;{}&#8220; theme_builder_area=&#8220;post_content&#8220;][\/et_pb_divider][\/et_pb_column][\/et_pb_row][et_pb_row _builder_version=&#8220;4.27.4&#8243; _module_preset=&#8220;default&#8220; custom_padding=&#8220;0px||0px||true|false&#8220; global_colors_info=&#8220;{}&#8220; theme_builder_area=&#8220;post_content&#8220;][et_pb_column type=&#8220;4_4&#8243; _builder_version=&#8220;4.27.4&#8243; _module_preset=&#8220;default&#8220; global_colors_info=&#8220;{}&#8220; theme_builder_area=&#8220;post_content&#8220;][et_pb_text _builder_version=&#8220;4.27.4&#8243; _module_preset=&#8220;default&#8220; text_font=&#8220;|700|||||||&#8220; text_text_color=&#8220;#FFFFFF&#8220; link_font=&#8220;||||||||&#8220; link_text_color=&#8220;#FFFFFF&#8220; global_colors_info=&#8220;{}&#8220; theme_builder_area=&#8220;post_content&#8220;]<a href=\"https:\/\/www.insenso.de\/de\/impressum\/\">Impressum<\/a> &nbsp;<a href=\"https:\/\/www.insenso.de\/de\/datenschutzbestimmungen\/\">Datenschutzerkl\u00e4rung<\/a> &nbsp;<a href=\"https:\/\/www.insenso.de\/de\/bedingungen-und-konditionen\/\">AGB<\/a>[\/et_pb_text][\/et_pb_column][\/et_pb_row][\/et_pb_section]<\/p>\n","protected":false},"excerpt":{"rendered":"<p>Insenso auf der SENSOR+TEST 2025: Hochpr\u00e4zise Sensoren im RampenlichtVom 6. bis 8. Mai 2025 fand in N\u00fcrnberg die internationale Fachmesse SENSOR+TEST statt &#8211; die f\u00fchrende Business-Plattform f\u00fcr Entwickler von Sensor-, Mess- und Pr\u00fcftechnik (sensor-test.de). Auf dem Stand in Halle 1 (Stand 1-316) pr\u00e4sentierte die Insenso GmbH ihre neuesten Entwicklungen auf dem Gebiet der MEMS-Technologie. Auf [&hellip;]<\/p>\n","protected":false},"author":1,"featured_media":0,"parent":760,"menu_order":0,"comment_status":"closed","ping_status":"closed","template":"","meta":{"_et_pb_use_builder":"on","_et_pb_old_content":"","_et_gb_content_width":"","footnotes":""},"class_list":["post-753","page","type-page","status-publish","hentry"],"yoast_head":"<!-- This site is optimized with the Yoast SEO plugin v26.3 - https:\/\/yoast.com\/wordpress\/plugins\/seo\/ -->\n<title>Insenso auf der SENSOR+TEST 2025: Hochpr\u00e4zise Sensoren im Rampenlicht - Insenso GmbH<\/title>\n<meta name=\"robots\" content=\"index, follow, max-snippet:-1, max-image-preview:large, max-video-preview:-1\" \/>\n<link rel=\"canonical\" href=\"https:\/\/www.insenso.de\/de\/nachrichten\/insenso-auf-der-sensortest-2025-hochpraezise-sensoren-im-rampenlicht\/\" \/>\n<meta property=\"og:locale\" content=\"de_DE\" \/>\n<meta property=\"og:type\" content=\"article\" \/>\n<meta property=\"og:title\" content=\"Insenso auf der SENSOR+TEST 2025: Hochpr\u00e4zise Sensoren im Rampenlicht - Insenso GmbH\" \/>\n<meta property=\"og:description\" content=\"Insenso auf der SENSOR+TEST 2025: Hochpr\u00e4zise Sensoren im RampenlichtVom 6. bis 8. Mai 2025 fand in N\u00fcrnberg die internationale Fachmesse SENSOR+TEST statt - die f\u00fchrende Business-Plattform f\u00fcr Entwickler von Sensor-, Mess- und Pr\u00fcftechnik (sensor-test.de). Auf dem Stand in Halle 1 (Stand 1-316) pr\u00e4sentierte die Insenso GmbH ihre neuesten Entwicklungen auf dem Gebiet der MEMS-Technologie. Auf [&hellip;]\" \/>\n<meta property=\"og:url\" content=\"https:\/\/www.insenso.de\/de\/nachrichten\/insenso-auf-der-sensortest-2025-hochpraezise-sensoren-im-rampenlicht\/\" \/>\n<meta property=\"og:site_name\" content=\"Insenso GmbH\" \/>\n<meta property=\"article:modified_time\" content=\"2025-11-12T21:11:44+00:00\" \/>\n<meta name=\"twitter:card\" content=\"summary_large_image\" \/>\n<meta name=\"twitter:label1\" content=\"Gesch\u00e4tzte Lesezeit\" \/>\n\t<meta name=\"twitter:data1\" content=\"6\u00a0Minuten\" \/>\n<script type=\"application\/ld+json\" class=\"yoast-schema-graph\">{\"@context\":\"https:\/\/schema.org\",\"@graph\":[{\"@type\":\"WebPage\",\"@id\":\"https:\/\/www.insenso.de\/de\/nachrichten\/insenso-auf-der-sensortest-2025-hochpraezise-sensoren-im-rampenlicht\/\",\"url\":\"https:\/\/www.insenso.de\/de\/nachrichten\/insenso-auf-der-sensortest-2025-hochpraezise-sensoren-im-rampenlicht\/\",\"name\":\"Insenso auf der SENSOR+TEST 2025: Hochpr\u00e4zise Sensoren im Rampenlicht - Insenso GmbH\",\"isPartOf\":{\"@id\":\"https:\/\/www.insenso.de\/de\/#website\"},\"datePublished\":\"2025-07-21T19:38:45+00:00\",\"dateModified\":\"2025-11-12T21:11:44+00:00\",\"breadcrumb\":{\"@id\":\"https:\/\/www.insenso.de\/de\/nachrichten\/insenso-auf-der-sensortest-2025-hochpraezise-sensoren-im-rampenlicht\/#breadcrumb\"},\"inLanguage\":\"de\",\"potentialAction\":[{\"@type\":\"ReadAction\",\"target\":[\"https:\/\/www.insenso.de\/de\/nachrichten\/insenso-auf-der-sensortest-2025-hochpraezise-sensoren-im-rampenlicht\/\"]}]},{\"@type\":\"BreadcrumbList\",\"@id\":\"https:\/\/www.insenso.de\/de\/nachrichten\/insenso-auf-der-sensortest-2025-hochpraezise-sensoren-im-rampenlicht\/#breadcrumb\",\"itemListElement\":[{\"@type\":\"ListItem\",\"position\":1,\"name\":\"Home\",\"item\":\"https:\/\/www.insenso.de\/de\/\"},{\"@type\":\"ListItem\",\"position\":2,\"name\":\"Nachrichten\",\"item\":\"https:\/\/www.insenso.de\/de\/news\/\"},{\"@type\":\"ListItem\",\"position\":3,\"name\":\"Insenso auf der SENSOR+TEST 2025: Hochpr\u00e4zise Sensoren im Rampenlicht\"}]},{\"@type\":\"WebSite\",\"@id\":\"https:\/\/www.insenso.de\/de\/#website\",\"url\":\"https:\/\/www.insenso.de\/de\/\",\"name\":\"Insenso GmbH\",\"description\":\"\",\"publisher\":{\"@id\":\"https:\/\/www.insenso.de\/de\/#organization\"},\"potentialAction\":[{\"@type\":\"SearchAction\",\"target\":{\"@type\":\"EntryPoint\",\"urlTemplate\":\"https:\/\/www.insenso.de\/de\/?s={search_term_string}\"},\"query-input\":{\"@type\":\"PropertyValueSpecification\",\"valueRequired\":true,\"valueName\":\"search_term_string\"}}],\"inLanguage\":\"de\"},{\"@type\":\"Organization\",\"@id\":\"https:\/\/www.insenso.de\/de\/#organization\",\"name\":\"Insenso GmbH\",\"url\":\"https:\/\/www.insenso.de\/de\/\",\"logo\":{\"@type\":\"ImageObject\",\"inLanguage\":\"de\",\"@id\":\"https:\/\/www.insenso.de\/de\/#\/schema\/logo\/image\/\",\"url\":\"https:\/\/www.insenso.de\/wp-content\/uploads\/2025\/03\/InsensoGmbH_withoutBackground.png\",\"contentUrl\":\"https:\/\/www.insenso.de\/wp-content\/uploads\/2025\/03\/InsensoGmbH_withoutBackground.png\",\"width\":936,\"height\":234,\"caption\":\"Insenso GmbH\"},\"image\":{\"@id\":\"https:\/\/www.insenso.de\/de\/#\/schema\/logo\/image\/\"}}]}<\/script>\n<!-- \/ Yoast SEO plugin. -->","yoast_head_json":{"title":"Insenso auf der SENSOR+TEST 2025: Hochpr\u00e4zise Sensoren im Rampenlicht - Insenso GmbH","robots":{"index":"index","follow":"follow","max-snippet":"max-snippet:-1","max-image-preview":"max-image-preview:large","max-video-preview":"max-video-preview:-1"},"canonical":"https:\/\/www.insenso.de\/de\/nachrichten\/insenso-auf-der-sensortest-2025-hochpraezise-sensoren-im-rampenlicht\/","og_locale":"de_DE","og_type":"article","og_title":"Insenso auf der SENSOR+TEST 2025: Hochpr\u00e4zise Sensoren im Rampenlicht - Insenso GmbH","og_description":"Insenso auf der SENSOR+TEST 2025: Hochpr\u00e4zise Sensoren im RampenlichtVom 6. bis 8. Mai 2025 fand in N\u00fcrnberg die internationale Fachmesse SENSOR+TEST statt - die f\u00fchrende Business-Plattform f\u00fcr Entwickler von Sensor-, Mess- und Pr\u00fcftechnik (sensor-test.de). Auf dem Stand in Halle 1 (Stand 1-316) pr\u00e4sentierte die Insenso GmbH ihre neuesten Entwicklungen auf dem Gebiet der MEMS-Technologie. Auf [&hellip;]","og_url":"https:\/\/www.insenso.de\/de\/nachrichten\/insenso-auf-der-sensortest-2025-hochpraezise-sensoren-im-rampenlicht\/","og_site_name":"Insenso GmbH","article_modified_time":"2025-11-12T21:11:44+00:00","twitter_card":"summary_large_image","twitter_misc":{"Gesch\u00e4tzte Lesezeit":"6\u00a0Minuten"},"schema":{"@context":"https:\/\/schema.org","@graph":[{"@type":"WebPage","@id":"https:\/\/www.insenso.de\/de\/nachrichten\/insenso-auf-der-sensortest-2025-hochpraezise-sensoren-im-rampenlicht\/","url":"https:\/\/www.insenso.de\/de\/nachrichten\/insenso-auf-der-sensortest-2025-hochpraezise-sensoren-im-rampenlicht\/","name":"Insenso auf der SENSOR+TEST 2025: Hochpr\u00e4zise Sensoren im Rampenlicht - Insenso GmbH","isPartOf":{"@id":"https:\/\/www.insenso.de\/de\/#website"},"datePublished":"2025-07-21T19:38:45+00:00","dateModified":"2025-11-12T21:11:44+00:00","breadcrumb":{"@id":"https:\/\/www.insenso.de\/de\/nachrichten\/insenso-auf-der-sensortest-2025-hochpraezise-sensoren-im-rampenlicht\/#breadcrumb"},"inLanguage":"de","potentialAction":[{"@type":"ReadAction","target":["https:\/\/www.insenso.de\/de\/nachrichten\/insenso-auf-der-sensortest-2025-hochpraezise-sensoren-im-rampenlicht\/"]}]},{"@type":"BreadcrumbList","@id":"https:\/\/www.insenso.de\/de\/nachrichten\/insenso-auf-der-sensortest-2025-hochpraezise-sensoren-im-rampenlicht\/#breadcrumb","itemListElement":[{"@type":"ListItem","position":1,"name":"Home","item":"https:\/\/www.insenso.de\/de\/"},{"@type":"ListItem","position":2,"name":"Nachrichten","item":"https:\/\/www.insenso.de\/de\/news\/"},{"@type":"ListItem","position":3,"name":"Insenso auf der SENSOR+TEST 2025: Hochpr\u00e4zise Sensoren im Rampenlicht"}]},{"@type":"WebSite","@id":"https:\/\/www.insenso.de\/de\/#website","url":"https:\/\/www.insenso.de\/de\/","name":"Insenso GmbH","description":"","publisher":{"@id":"https:\/\/www.insenso.de\/de\/#organization"},"potentialAction":[{"@type":"SearchAction","target":{"@type":"EntryPoint","urlTemplate":"https:\/\/www.insenso.de\/de\/?s={search_term_string}"},"query-input":{"@type":"PropertyValueSpecification","valueRequired":true,"valueName":"search_term_string"}}],"inLanguage":"de"},{"@type":"Organization","@id":"https:\/\/www.insenso.de\/de\/#organization","name":"Insenso GmbH","url":"https:\/\/www.insenso.de\/de\/","logo":{"@type":"ImageObject","inLanguage":"de","@id":"https:\/\/www.insenso.de\/de\/#\/schema\/logo\/image\/","url":"https:\/\/www.insenso.de\/wp-content\/uploads\/2025\/03\/InsensoGmbH_withoutBackground.png","contentUrl":"https:\/\/www.insenso.de\/wp-content\/uploads\/2025\/03\/InsensoGmbH_withoutBackground.png","width":936,"height":234,"caption":"Insenso GmbH"},"image":{"@id":"https:\/\/www.insenso.de\/de\/#\/schema\/logo\/image\/"}}]}},"_links":{"self":[{"href":"https:\/\/www.insenso.de\/de\/wp-json\/wp\/v2\/pages\/753","targetHints":{"allow":["GET"]}}],"collection":[{"href":"https:\/\/www.insenso.de\/de\/wp-json\/wp\/v2\/pages"}],"about":[{"href":"https:\/\/www.insenso.de\/de\/wp-json\/wp\/v2\/types\/page"}],"author":[{"embeddable":true,"href":"https:\/\/www.insenso.de\/de\/wp-json\/wp\/v2\/users\/1"}],"replies":[{"embeddable":true,"href":"https:\/\/www.insenso.de\/de\/wp-json\/wp\/v2\/comments?post=753"}],"version-history":[{"count":1,"href":"https:\/\/www.insenso.de\/de\/wp-json\/wp\/v2\/pages\/753\/revisions"}],"predecessor-version":[{"id":1428,"href":"https:\/\/www.insenso.de\/de\/wp-json\/wp\/v2\/pages\/753\/revisions\/1428"}],"up":[{"embeddable":true,"href":"https:\/\/www.insenso.de\/de\/wp-json\/wp\/v2\/pages\/760"}],"wp:attachment":[{"href":"https:\/\/www.insenso.de\/de\/wp-json\/wp\/v2\/media?parent=753"}],"curies":[{"name":"wp","href":"https:\/\/api.w.org\/{rel}","templated":true}]}}