{"id":736,"date":"2025-04-01T20:08:02","date_gmt":"2025-04-01T20:08:02","guid":{"rendered":"https:\/\/www.insenso.de\/qualitaet-zertifizierungen\/"},"modified":"2025-11-12T21:14:12","modified_gmt":"2025-11-12T21:14:12","slug":"qualitaet-zertifizierungen","status":"publish","type":"page","link":"https:\/\/www.insenso.de\/de\/qualitaet-zertifizierungen\/","title":{"rendered":"Qualit\u00e4t &amp; Zertifizierungen"},"content":{"rendered":"<p>[et_pb_section fb_built=&#8220;1&#8243; _builder_version=&#8220;4.27.4&#8243; _module_preset=&#8220;default&#8220; background_image=&#8220;https:\/\/www.insenso.de\/wp-content\/uploads\/2025\/03\/Firma.png&#8220; background_position=&#8220;bottom_center&#8220; background_vertical_offset=&#8220;26%&#8220; width_tablet=&#8220;100%&#8220; width_phone=&#8220;100%&#8220; width_last_edited=&#8220;on|tablet&#8220; height=&#8220;450px&#8220; custom_margin=&#8220;15px|100px||100px|false|true&#8220; custom_margin_tablet=&#8220;15px|0px||0px|false|true&#8220; custom_margin_phone=&#8220;|0px||0px|false|true&#8220; custom_margin_last_edited=&#8220;on|phone&#8220; custom_padding=&#8220;0px||0px||true|false&#8220; border_width_top=&#8220;9px&#8220; border_color_top=&#8220;#DB1D28&#8243; global_colors_info=&#8220;{}&#8220;][et_pb_row _builder_version=&#8220;4.27.4&#8243; _module_preset=&#8220;default&#8220; global_colors_info=&#8220;{}&#8220;][et_pb_column type=&#8220;4_4&#8243; _builder_version=&#8220;4.27.4&#8243; _module_preset=&#8220;default&#8220; global_colors_info=&#8220;{}&#8220;][et_pb_text _builder_version=&#8220;4.27.4&#8243; _module_preset=&#8220;default&#8220; global_colors_info=&#8220;{}&#8220;][\/et_pb_text][\/et_pb_column][\/et_pb_row][\/et_pb_section][et_pb_section fb_built=&#8220;1&#8243; _builder_version=&#8220;4.27.4&#8243; _module_preset=&#8220;default&#8220; custom_padding=&#8220;||13px|||&#8220; global_colors_info=&#8220;{}&#8220;][et_pb_row column_structure=&#8220;1_2,1_2&#8243; use_custom_gutter=&#8220;on&#8220; gutter_width=&#8220;1&#8243; custom_padding_last_edited=&#8220;on|phone&#8220; _builder_version=&#8220;4.27.4&#8243; _module_preset=&#8220;default&#8220; background_color=&#8220;#FFFFFF&#8220; z_index=&#8220;57&#8243; width_tablet=&#8220;&#8220; width_phone=&#8220;100%&#8220; width_last_edited=&#8220;on|phone&#8220; custom_margin=&#8220;-164px|auto|6px|auto|false|false&#8220; custom_padding=&#8220;45px|32px|45px|32px|true|true&#8220; custom_padding_tablet=&#8220;45px|32px|45px|32px|true|true&#8220; custom_padding_phone=&#8220;45px|0px|0px|0px|false|true&#8220; border_width_top=&#8220;10px&#8220; border_color_top=&#8220;#142952&#8243; global_colors_info=&#8220;{}&#8220;][et_pb_column type=&#8220;1_2&#8243; _builder_version=&#8220;4.27.4&#8243; _module_preset=&#8220;default&#8220; custom_padding=&#8220;|20px|||false|false&#8220; custom_padding_tablet=&#8220;|20px|||false|false&#8220; custom_padding_phone=&#8220;|0px|||false|false&#8220; custom_padding_last_edited=&#8220;on|phone&#8220; border_color_right=&#8220;#DB1D28&#8243; global_colors_info=&#8220;{}&#8220;][et_pb_image src=&#8220;https:\/\/www.insenso.de\/wp-content\/uploads\/2025\/03\/InsensoGmbH_withoutBackground.png&#8220; title_text=&#8220;InsensoGmbH_ohneHintergrund&#8220; _builder_version=&#8220;4.27.4&#8243; _module_preset=&#8220;default&#8220; width=&#8220;85%&#8220; width_tablet=&#8220;51%&#8220; width_phone=&#8220;62%&#8220; width_last_edited=&#8220;on|phone&#8220; custom_margin=&#8220;83px||19px||false|false&#8220; custom_padding=&#8220;|||28px|false|false&#8220; global_colors_info=&#8220;{}&#8220;][\/et_pb_image][\/et_pb_column][et_pb_column type=&#8220;1_2&#8243; _builder_version=&#8220;4.27.4&#8243; _module_preset=&#8220;default&#8220; custom_padding=&#8220;|20px|||false|false&#8220; custom_padding_tablet=&#8220;|20px|||false|false&#8220; custom_padding_phone=&#8220;|0px|||false|false&#8220; custom_padding_last_edited=&#8220;on|phone&#8220; border_color_right=&#8220;#DB1D28&#8243; global_colors_info=&#8220;{}&#8220;][et_pb_image src=&#8220;https:\/\/www.insenso.de\/wp-content\/uploads\/2025\/03\/pressure_transmitters.png&#8220; title_text=&#8220;pressure_transmitters&#8220; align_tablet=&#8220;&#8220; align_phone=&#8220;center&#8220; align_last_edited=&#8220;on|phone&#8220; admin_label=&#8220;Bild&#8220; _builder_version=&#8220;4.27.4&#8243; _module_preset=&#8220;default&#8220; width=&#8220;100%&#8220; width_tablet=&#8220;100%&#8220; width_phone=&#8220;62%&#8220; width_last_edited=&#8220;on|phone&#8220; custom_margin=&#8220;21px|||||&#8220; global_colors_info=&#8220;{}&#8220;][\/et_pb_image][\/et_pb_column][\/et_pb_row][et_pb_row _builder_version=&#8220;4.27.4&#8243; _module_preset=&#8220;default&#8220; custom_margin=&#8220;-13px||||false|false&#8220; custom_padding=&#8220;11px|||||&#8220; global_colors_info=&#8220;{}&#8220;][et_pb_column type=&#8220;4_4&#8243; _builder_version=&#8220;4.27.4&#8243; _module_preset=&#8220;default&#8220; global_colors_info=&#8220;{}&#8220;][et_pb_text _builder_version=&#8220;4.27.4&#8243; _module_preset=&#8220;default&#8220; text_text_color=&#8220;#142952&#8243; text_font_size=&#8220;15px&#8220; header_font=&#8220;|700|||||||&#8220; header_text_color=&#8220;#142952&#8243; header_3_font=&#8220;|700|||||||&#8220; header_3_text_color=&#8220;#142952&#8243; header_3_font_size=&#8220;41px&#8220; header_4_text_color=&#8220;#DB1D28&#8243; text_orientation=&#8220;justified&#8220; custom_padding=&#8220;|25px||25px|false|true&#8220; header_3_text_align_tablet=&#8220;left&#8220; header_3_text_align_phone=&#8220;left&#8220; header_3_text_align_last_edited=&#8220;on|phone&#8220; global_colors_info=&#8220;{}&#8220;]<\/p>\n<h3>Qualit\u00e4t &amp; Zertifizierung<\/h3>\n<p>&nbsp;<\/p>\n<p>Bei Insenso steht Qualit\u00e4t im Mittelpunkt. Wir kontrollieren jeden Schritt der Wertsch\u00f6pfungskette \u2013 von der Entwicklung der MEMS-Chips bis zur Endmontage und Pr\u00fcfung \u2013 um h\u00f6chste Standards in <strong>Pr\u00e4zision, Zuverl\u00e4ssigkeit und Langlebigkeit<\/strong> zu gew\u00e4hrleisten.<\/p>\n<p>Jeder Sensor wird umfassend gepr\u00fcft:<\/p>\n<ul>\n<li>Validierung von Genauigkeit und Langzeitstabilit\u00e4t<\/li>\n<li>Berst- und \u00dcberdrucktests<\/li>\n<li>Zug- und Scherfestigkeitspr\u00fcfungen<\/li>\n<li>Helium-Lecktests<\/li>\n<li>Alterungstests und Temperaturzyklen<\/li>\n<li>Kalibrierung gem\u00e4\u00df internationalen Normen<\/li>\n<\/ul>\n<p>&nbsp;<\/p>\n<p>Unsere Produktionsprozesse erf\u00fcllen die Anforderungen anspruchsvoller Branchen wie Industrie, Automobiltechnik und Medizintechnik. Auf Wunsch stellen wir Zertifizierungen \u00a0relevante Nachweise zur Verf\u00fcgung.<\/p>\n<p>Mit Insenso erhalten Sie Sensoren, denen man vertrauen kann \u2013 pr\u00e4zise entwickelt, umfassend getestet und zertifiziert f\u00fcr reale Anwendungen.<\/p>\n<p>Zur Sicherung der hohen Qualit\u00e4tsanforderungen an unsere Produkte arbeiten wir mit einem Qualit\u00e4tsmanagementsystem, das der internationalen Norm ISO9001:2015 entspricht.<br \/>\nVon unseren Prozessdienstleistern und Lieferanten verlangen wir ebenfalls ein zertifiziertes Qualit\u00e4tsmanagementsystem.\n<\/p>\n<p>[\/et_pb_text][\/et_pb_column][\/et_pb_row][\/et_pb_section][et_pb_section fb_built=&#8220;1&#8243; _builder_version=&#8220;4.27.4&#8243; _module_preset=&#8220;default&#8220; background_color=&#8220;#FFFFFF&#8220; background_enable_image=&#8220;off&#8220; background_size=&#8220;initial&#8220; background_position=&#8220;center_right&#8220; module_alignment=&#8220;center&#8220; max_height=&#8220;335px&#8220; custom_margin=&#8220;19px||||false|true&#8220; custom_padding=&#8220;14px||14px||true|false&#8220; global_colors_info=&#8220;{}&#8220;][et_pb_row _builder_version=&#8220;4.27.4&#8243; _module_preset=&#8220;default&#8220; custom_margin=&#8220;|auto||auto|false|false&#8220; custom_padding=&#8220;17px||17px||true|false&#8220; global_colors_info=&#8220;{}&#8220;][et_pb_column type=&#8220;4_4&#8243; _builder_version=&#8220;4.27.4&#8243; _module_preset=&#8220;default&#8220; global_colors_info=&#8220;{}&#8220;][et_pb_image src=&#8220;https:\/\/www.insenso.de\/wp-content\/uploads\/2025\/04\/Insenso_Logo_Bildmarke2-01.png&#8220; title_text=&#8220;Insenso_Logo_Bildmarke2-01&#8243; align=&#8220;center&#8220; _builder_version=&#8220;4.27.4&#8243; _module_preset=&#8220;default&#8220; width=&#8220;8%&#8220; width_tablet=&#8220;8%&#8220; width_phone=&#8220;25%&#8220; width_last_edited=&#8220;on|phone&#8220; global_colors_info=&#8220;{}&#8220;][\/et_pb_image][et_pb_text _builder_version=&#8220;4.27.4&#8243; _module_preset=&#8220;default&#8220; header_2_font=&#8220;|700|||||||&#8220; header_2_text_align=&#8220;center&#8220; header_2_text_color=&#8220;#142952&#8243; module_alignment=&#8220;left&#8220; global_colors_info=&#8220;{}&#8220;]<\/p>\n<h2>Insenso: <span style=\"color: #db1d28;\">Providing Certainty<\/span><\/h2>\n<p>[\/et_pb_text][\/et_pb_column][\/et_pb_row][\/et_pb_section][et_pb_section fb_built=&#8220;1&#8243; _builder_version=&#8220;4.27.4&#8243; _module_preset=&#8220;default&#8220; background_color=&#8220;#142952&#8243; custom_padding=&#8220;13px||34px|||&#8220; saved_tabs=&#8220;all&#8220; global_colors_info=&#8220;{}&#8220; global_module=&#8220;1099&#8243; theme_builder_area=&#8220;post_content&#8220;][et_pb_row _builder_version=&#8220;4.27.4&#8243; _module_preset=&#8220;default&#8220; custom_padding=&#8220;16px||6px|||&#8220; global_colors_info=&#8220;{}&#8220; theme_builder_area=&#8220;post_content&#8220;][et_pb_column type=&#8220;4_4&#8243; _builder_version=&#8220;4.27.4&#8243; _module_preset=&#8220;default&#8220; global_colors_info=&#8220;{}&#8220; theme_builder_area=&#8220;post_content&#8220;][et_pb_text _builder_version=&#8220;4.27.4&#8243; _module_preset=&#8220;default&#8220; text_text_color=&#8220;#FFFFFF&#8220; text_font_size=&#8220;12px&#8220; header_3_text_color=&#8220;#DB1D28&#8243; width=&#8220;100%&#8220; custom_padding=&#8220;||||false|false&#8220; global_colors_info=&#8220;{}&#8220; theme_builder_area=&#8220;post_content&#8220;]<\/p>\n<h3>Kontakt<\/h3>\n<div class=\"untenrot clearfix\">\n<div class=\"float_right\">\n<p><strong>Insenso GmbH<\/strong><br \/>Rudower Chaussee 29<br \/>12489 Berlin<br \/>Deutschland<\/p>\n<p>tel: +49 (0) 176 16164900<br \/>mail: info@insenso.de<\/p>\n<\/div>\n<\/div>\n<p>[\/et_pb_text][\/et_pb_column][\/et_pb_row][et_pb_row _builder_version=&#8220;4.27.4&#8243; _module_preset=&#8220;default&#8220; custom_padding=&#8220;12px||0px||false|false&#8220; global_colors_info=&#8220;{}&#8220; theme_builder_area=&#8220;post_content&#8220;][et_pb_column type=&#8220;4_4&#8243; _builder_version=&#8220;4.27.4&#8243; _module_preset=&#8220;default&#8220; custom_padding=&#8220;0px||0px||true|false&#8220; global_colors_info=&#8220;{}&#8220; theme_builder_area=&#8220;post_content&#8220;][et_pb_divider color=&#8220;#DB1D28&#8243; divider_weight=&#8220;2px&#8220; _builder_version=&#8220;4.27.4&#8243; _module_preset=&#8220;default&#8220; custom_margin=&#8220;0px||0px||true|false&#8220; custom_padding=&#8220;0px||0px||true|false&#8220; global_colors_info=&#8220;{}&#8220; theme_builder_area=&#8220;post_content&#8220;][\/et_pb_divider][\/et_pb_column][\/et_pb_row][et_pb_row _builder_version=&#8220;4.27.4&#8243; _module_preset=&#8220;default&#8220; custom_padding=&#8220;0px||0px||true|false&#8220; global_colors_info=&#8220;{}&#8220; theme_builder_area=&#8220;post_content&#8220;][et_pb_column type=&#8220;4_4&#8243; _builder_version=&#8220;4.27.4&#8243; _module_preset=&#8220;default&#8220; global_colors_info=&#8220;{}&#8220; theme_builder_area=&#8220;post_content&#8220;][et_pb_text _builder_version=&#8220;4.27.4&#8243; _module_preset=&#8220;default&#8220; text_font=&#8220;|700|||||||&#8220; text_text_color=&#8220;#FFFFFF&#8220; link_font=&#8220;||||||||&#8220; link_text_color=&#8220;#FFFFFF&#8220; global_colors_info=&#8220;{}&#8220; theme_builder_area=&#8220;post_content&#8220;]<a href=\"https:\/\/www.insenso.de\/de\/impressum\/\">Impressum<\/a> &nbsp;<a href=\"https:\/\/www.insenso.de\/de\/datenschutzbestimmungen\/\">Datenschutzerkl\u00e4rung<\/a> &nbsp;<a href=\"https:\/\/www.insenso.de\/de\/bedingungen-und-konditionen\/\">AGB<\/a>[\/et_pb_text][\/et_pb_column][\/et_pb_row][\/et_pb_section]<\/p>\n","protected":false},"excerpt":{"rendered":"<p>Qualit\u00e4t &amp; Zertifizierung &nbsp; Bei Insenso steht Qualit\u00e4t im Mittelpunkt. Wir kontrollieren jeden Schritt der Wertsch\u00f6pfungskette \u2013 von der Entwicklung der MEMS-Chips bis zur Endmontage und Pr\u00fcfung \u2013 um h\u00f6chste Standards in Pr\u00e4zision, Zuverl\u00e4ssigkeit und Langlebigkeit zu gew\u00e4hrleisten. Jeder Sensor wird umfassend gepr\u00fcft: Validierung von Genauigkeit und Langzeitstabilit\u00e4t Berst- und \u00dcberdrucktests Zug- und Scherfestigkeitspr\u00fcfungen Helium-Lecktests [&hellip;]<\/p>\n","protected":false},"author":1,"featured_media":0,"parent":0,"menu_order":0,"comment_status":"closed","ping_status":"closed","template":"","meta":{"_et_pb_use_builder":"on","_et_pb_old_content":"","_et_gb_content_width":"","footnotes":""},"class_list":["post-736","page","type-page","status-publish","hentry"],"yoast_head":"<!-- This site is optimized with the Yoast SEO plugin v26.3 - https:\/\/yoast.com\/wordpress\/plugins\/seo\/ -->\n<title>Qualit\u00e4t &amp; Zertifizierungen - Insenso GmbH<\/title>\n<meta name=\"robots\" content=\"index, follow, max-snippet:-1, max-image-preview:large, max-video-preview:-1\" \/>\n<link rel=\"canonical\" href=\"https:\/\/www.insenso.de\/de\/qualitaet-zertifizierungen\/\" \/>\n<meta property=\"og:locale\" content=\"de_DE\" \/>\n<meta property=\"og:type\" content=\"article\" \/>\n<meta property=\"og:title\" content=\"Qualit\u00e4t &amp; Zertifizierungen - Insenso GmbH\" \/>\n<meta property=\"og:description\" content=\"Qualit\u00e4t &amp; Zertifizierung &nbsp; Bei Insenso steht Qualit\u00e4t im Mittelpunkt. Wir kontrollieren jeden Schritt der Wertsch\u00f6pfungskette \u2013 von der Entwicklung der MEMS-Chips bis zur Endmontage und Pr\u00fcfung \u2013 um h\u00f6chste Standards in Pr\u00e4zision, Zuverl\u00e4ssigkeit und Langlebigkeit zu gew\u00e4hrleisten. Jeder Sensor wird umfassend gepr\u00fcft: Validierung von Genauigkeit und Langzeitstabilit\u00e4t Berst- und \u00dcberdrucktests Zug- und Scherfestigkeitspr\u00fcfungen Helium-Lecktests [&hellip;]\" \/>\n<meta property=\"og:url\" content=\"https:\/\/www.insenso.de\/de\/qualitaet-zertifizierungen\/\" \/>\n<meta property=\"og:site_name\" content=\"Insenso GmbH\" \/>\n<meta property=\"article:modified_time\" content=\"2025-11-12T21:14:12+00:00\" \/>\n<meta name=\"twitter:card\" content=\"summary_large_image\" \/>\n<meta name=\"twitter:label1\" content=\"Gesch\u00e4tzte Lesezeit\" \/>\n\t<meta name=\"twitter:data1\" content=\"6\u00a0Minuten\" \/>\n<script type=\"application\/ld+json\" class=\"yoast-schema-graph\">{\"@context\":\"https:\/\/schema.org\",\"@graph\":[{\"@type\":\"WebPage\",\"@id\":\"https:\/\/www.insenso.de\/de\/qualitaet-zertifizierungen\/\",\"url\":\"https:\/\/www.insenso.de\/de\/qualitaet-zertifizierungen\/\",\"name\":\"Qualit\u00e4t &amp; Zertifizierungen - Insenso GmbH\",\"isPartOf\":{\"@id\":\"https:\/\/www.insenso.de\/de\/#website\"},\"datePublished\":\"2025-04-01T20:08:02+00:00\",\"dateModified\":\"2025-11-12T21:14:12+00:00\",\"breadcrumb\":{\"@id\":\"https:\/\/www.insenso.de\/de\/qualitaet-zertifizierungen\/#breadcrumb\"},\"inLanguage\":\"de\",\"potentialAction\":[{\"@type\":\"ReadAction\",\"target\":[\"https:\/\/www.insenso.de\/de\/qualitaet-zertifizierungen\/\"]}]},{\"@type\":\"BreadcrumbList\",\"@id\":\"https:\/\/www.insenso.de\/de\/qualitaet-zertifizierungen\/#breadcrumb\",\"itemListElement\":[{\"@type\":\"ListItem\",\"position\":1,\"name\":\"Home\",\"item\":\"https:\/\/www.insenso.de\/de\/\"},{\"@type\":\"ListItem\",\"position\":2,\"name\":\"Qualit\u00e4t &amp; Zertifizierungen\"}]},{\"@type\":\"WebSite\",\"@id\":\"https:\/\/www.insenso.de\/de\/#website\",\"url\":\"https:\/\/www.insenso.de\/de\/\",\"name\":\"Insenso GmbH\",\"description\":\"\",\"publisher\":{\"@id\":\"https:\/\/www.insenso.de\/de\/#organization\"},\"potentialAction\":[{\"@type\":\"SearchAction\",\"target\":{\"@type\":\"EntryPoint\",\"urlTemplate\":\"https:\/\/www.insenso.de\/de\/?s={search_term_string}\"},\"query-input\":{\"@type\":\"PropertyValueSpecification\",\"valueRequired\":true,\"valueName\":\"search_term_string\"}}],\"inLanguage\":\"de\"},{\"@type\":\"Organization\",\"@id\":\"https:\/\/www.insenso.de\/de\/#organization\",\"name\":\"Insenso GmbH\",\"url\":\"https:\/\/www.insenso.de\/de\/\",\"logo\":{\"@type\":\"ImageObject\",\"inLanguage\":\"de\",\"@id\":\"https:\/\/www.insenso.de\/de\/#\/schema\/logo\/image\/\",\"url\":\"https:\/\/www.insenso.de\/wp-content\/uploads\/2025\/03\/InsensoGmbH_withoutBackground.png\",\"contentUrl\":\"https:\/\/www.insenso.de\/wp-content\/uploads\/2025\/03\/InsensoGmbH_withoutBackground.png\",\"width\":936,\"height\":234,\"caption\":\"Insenso GmbH\"},\"image\":{\"@id\":\"https:\/\/www.insenso.de\/de\/#\/schema\/logo\/image\/\"}}]}<\/script>\n<!-- \/ Yoast SEO plugin. -->","yoast_head_json":{"title":"Qualit\u00e4t &amp; Zertifizierungen - Insenso GmbH","robots":{"index":"index","follow":"follow","max-snippet":"max-snippet:-1","max-image-preview":"max-image-preview:large","max-video-preview":"max-video-preview:-1"},"canonical":"https:\/\/www.insenso.de\/de\/qualitaet-zertifizierungen\/","og_locale":"de_DE","og_type":"article","og_title":"Qualit\u00e4t &amp; Zertifizierungen - Insenso GmbH","og_description":"Qualit\u00e4t &amp; Zertifizierung &nbsp; Bei Insenso steht Qualit\u00e4t im Mittelpunkt. Wir kontrollieren jeden Schritt der Wertsch\u00f6pfungskette \u2013 von der Entwicklung der MEMS-Chips bis zur Endmontage und Pr\u00fcfung \u2013 um h\u00f6chste Standards in Pr\u00e4zision, Zuverl\u00e4ssigkeit und Langlebigkeit zu gew\u00e4hrleisten. Jeder Sensor wird umfassend gepr\u00fcft: Validierung von Genauigkeit und Langzeitstabilit\u00e4t Berst- und \u00dcberdrucktests Zug- und Scherfestigkeitspr\u00fcfungen Helium-Lecktests [&hellip;]","og_url":"https:\/\/www.insenso.de\/de\/qualitaet-zertifizierungen\/","og_site_name":"Insenso GmbH","article_modified_time":"2025-11-12T21:14:12+00:00","twitter_card":"summary_large_image","twitter_misc":{"Gesch\u00e4tzte Lesezeit":"6\u00a0Minuten"},"schema":{"@context":"https:\/\/schema.org","@graph":[{"@type":"WebPage","@id":"https:\/\/www.insenso.de\/de\/qualitaet-zertifizierungen\/","url":"https:\/\/www.insenso.de\/de\/qualitaet-zertifizierungen\/","name":"Qualit\u00e4t &amp; Zertifizierungen - Insenso GmbH","isPartOf":{"@id":"https:\/\/www.insenso.de\/de\/#website"},"datePublished":"2025-04-01T20:08:02+00:00","dateModified":"2025-11-12T21:14:12+00:00","breadcrumb":{"@id":"https:\/\/www.insenso.de\/de\/qualitaet-zertifizierungen\/#breadcrumb"},"inLanguage":"de","potentialAction":[{"@type":"ReadAction","target":["https:\/\/www.insenso.de\/de\/qualitaet-zertifizierungen\/"]}]},{"@type":"BreadcrumbList","@id":"https:\/\/www.insenso.de\/de\/qualitaet-zertifizierungen\/#breadcrumb","itemListElement":[{"@type":"ListItem","position":1,"name":"Home","item":"https:\/\/www.insenso.de\/de\/"},{"@type":"ListItem","position":2,"name":"Qualit\u00e4t &amp; Zertifizierungen"}]},{"@type":"WebSite","@id":"https:\/\/www.insenso.de\/de\/#website","url":"https:\/\/www.insenso.de\/de\/","name":"Insenso GmbH","description":"","publisher":{"@id":"https:\/\/www.insenso.de\/de\/#organization"},"potentialAction":[{"@type":"SearchAction","target":{"@type":"EntryPoint","urlTemplate":"https:\/\/www.insenso.de\/de\/?s={search_term_string}"},"query-input":{"@type":"PropertyValueSpecification","valueRequired":true,"valueName":"search_term_string"}}],"inLanguage":"de"},{"@type":"Organization","@id":"https:\/\/www.insenso.de\/de\/#organization","name":"Insenso GmbH","url":"https:\/\/www.insenso.de\/de\/","logo":{"@type":"ImageObject","inLanguage":"de","@id":"https:\/\/www.insenso.de\/de\/#\/schema\/logo\/image\/","url":"https:\/\/www.insenso.de\/wp-content\/uploads\/2025\/03\/InsensoGmbH_withoutBackground.png","contentUrl":"https:\/\/www.insenso.de\/wp-content\/uploads\/2025\/03\/InsensoGmbH_withoutBackground.png","width":936,"height":234,"caption":"Insenso GmbH"},"image":{"@id":"https:\/\/www.insenso.de\/de\/#\/schema\/logo\/image\/"}}]}},"_links":{"self":[{"href":"https:\/\/www.insenso.de\/de\/wp-json\/wp\/v2\/pages\/736","targetHints":{"allow":["GET"]}}],"collection":[{"href":"https:\/\/www.insenso.de\/de\/wp-json\/wp\/v2\/pages"}],"about":[{"href":"https:\/\/www.insenso.de\/de\/wp-json\/wp\/v2\/types\/page"}],"author":[{"embeddable":true,"href":"https:\/\/www.insenso.de\/de\/wp-json\/wp\/v2\/users\/1"}],"replies":[{"embeddable":true,"href":"https:\/\/www.insenso.de\/de\/wp-json\/wp\/v2\/comments?post=736"}],"version-history":[{"count":1,"href":"https:\/\/www.insenso.de\/de\/wp-json\/wp\/v2\/pages\/736\/revisions"}],"predecessor-version":[{"id":1433,"href":"https:\/\/www.insenso.de\/de\/wp-json\/wp\/v2\/pages\/736\/revisions\/1433"}],"wp:attachment":[{"href":"https:\/\/www.insenso.de\/de\/wp-json\/wp\/v2\/media?parent=736"}],"curies":[{"name":"wp","href":"https:\/\/api.w.org\/{rel}","templated":true}]}}